{"id":1436,"date":"2021-07-16T21:03:16","date_gmt":"2021-07-16T21:03:16","guid":{"rendered":"https:\/\/careers.trex.com\/?page_id=1436"},"modified":"2021-07-26T15:11:10","modified_gmt":"2021-07-26T15:11:10","slug":"career-fair","status":"publish","type":"page","link":"https:\/\/careers.trex.com\/es\/career-fair\/","title":{"rendered":"FERIA DE CARRERAS"},"content":{"rendered":"<div class=\"block split-feature landing-page align full-width-border media50 media-left\">\n  <div class=\"block-wrap\">\n    <div class=\"split-feature-inner\">\n              <div class=\"img-wrap\">\n          <img loading=\"lazy\" decoding=\"async\" src=\"https:\/\/careers.trex.com\/wp-content\/uploads\/2021\/07\/DW1_3576_alt.jpg\" alt=\"Man in truck yard\" width=\"8256\" height=\"5504\">\n        <\/div>\n      \n      <div class=\"content\">\n        \n                  <div class=\"description-wrap cf\">\n            <h2>La marca de terrazas n.\u00ba 1 del mundo est\u00e1 creciendo.<\/h2>\n<p>Y estamos buscando obreros, t\u00e9cnicos de servicios generales y operadores de montacargas trabajadores y confiables para realizar el trabajo.<\/p>\n<p>Con oportunidades profesionales en todos los turnos, puedes ganar un excelente salario, m\u00e1s beneficios y bonificaciones una vez haya logrado tus metas.<\/p>\n<p><strong>\u00bfCree estar a la altura del desaf\u00edo? Desc\u00fabrelo en una de nuestras siguientes ferias de carreras<\/strong><\/p>\n          <\/div>\n        \n              <\/div>\n    <\/div>\n  <\/div>\n<\/div>\n\n\n<div class=\"block rtf align centered-dark align-default position-right\">\r\n  <div class=\"block-wrap\">\r\n    <div class=\"rtf-content cf\">\r\n      <div class=\"fo__content \" spellcheck=\"false\" data-gramm=\"false\">\n<h2 style=\"text-align: center;\">PR\u00d3XIMOS EVENTOS DE CONTRATACI\u00d3N<\/h2>\n<p style=\"text-align: center;\">Estamos realizando entrevistas en el lugar, as\u00ed que trae tu curr\u00edculum y demu\u00e9stranos que est\u00e1 a la altura. O mejor a\u00fan, consulta nuestras vacantes y post\u00falate en l\u00ednea con antelaci\u00f3n.<\/p>\n<\/div>\n<div class=\"fo__content \" spellcheck=\"false\" data-gramm=\"false\">\n<div class=\"link-row\">\n<div class=\"link-container\" style=\"text-align: center;\">\n<p style=\"margin-bottom: 0;\"><strong>Fernley, NV<\/strong><\/p>\n<p style=\"margin-top: 0;\">Martes, 10 de agosto<\/p>\n<p class=\"link-wrap\"><a href=\"https:\/\/recruiting.ultipro.com\/TRE1006TRCI\/JobBoard\/699366e7-23c6-46d9-ae0d-4f649323dabf\/OpportunityDetail?opportunityId=ce42c14d-f187-4275-8ad2-c6bf38287566\" class=\"btn\" target=\"_blank\"><span>Obt\u00e9n informaci\u00f3n sobre<br \/>\nFernley, NV<\/span><\/a><\/p>\n<\/div>\n<\/div>\n<\/div>\n    <\/div>\r\n      <\/div>\r\n<\/div>\r\n","protected":false},"excerpt":{"rendered":"","protected":false},"author":1,"featured_media":0,"parent":0,"menu_order":0,"comment_status":"closed","ping_status":"closed","template":"","meta":{"_acf_changed":false,"footnotes":""},"class_list":["post-1436","page","type-page","status-publish","hentry"],"acf":[],"yoast_head":"<!-- This site is optimized with the Yoast SEO plugin v27.1.1 - https:\/\/yoast.com\/product\/yoast-seo-wordpress\/ -->\n<title>FERIA DE CARRERAS - Trex Careers<\/title>\n<meta name=\"robots\" content=\"index, follow, max-snippet:-1, max-image-preview:large, max-video-preview:-1\" \/>\n<link rel=\"canonical\" href=\"https:\/\/careers.trex.com\/career-fair\/\" \/>\n<meta property=\"og:locale\" content=\"es_ES\" \/>\n<meta property=\"og:type\" content=\"article\" \/>\n<meta property=\"og:title\" content=\"FERIA DE CARRERAS - Trex Careers\" \/>\n<meta property=\"og:url\" content=\"https:\/\/careers.trex.com\/career-fair\/\" \/>\n<meta property=\"og:site_name\" content=\"Trex Careers\" \/>\n<meta property=\"article:modified_time\" content=\"2021-07-26T15:11:10+00:00\" \/>\n<meta property=\"og:image\" content=\"https:\/\/careers.trex.com\/wp-content\/uploads\/2020\/09\/operating-forklift-closeup-3.jpg\" \/>\n\t<meta property=\"og:image:width\" content=\"1600\" \/>\n\t<meta property=\"og:image:height\" content=\"900\" \/>\n\t<meta property=\"og:image:type\" content=\"image\/jpeg\" \/>\n<meta name=\"twitter:card\" content=\"summary_large_image\" \/>\n<script type=\"application\/ld+json\" class=\"yoast-schema-graph\">{\"@context\":\"https:\/\/schema.org\",\"@graph\":[{\"@type\":\"WebPage\",\"@id\":\"https:\/\/careers.trex.com\/career-fair\/\",\"url\":\"https:\/\/careers.trex.com\/career-fair\/\",\"name\":\"FERIA DE CARRERAS - Trex Careers\",\"isPartOf\":{\"@id\":\"https:\/\/careers.trex.com\/#website\"},\"datePublished\":\"2021-07-16T21:03:16+00:00\",\"dateModified\":\"2021-07-26T15:11:10+00:00\",\"breadcrumb\":{\"@id\":\"https:\/\/careers.trex.com\/career-fair\/#breadcrumb\"},\"inLanguage\":\"es\",\"potentialAction\":[{\"@type\":\"ReadAction\",\"target\":[\"https:\/\/careers.trex.com\/career-fair\/\"]}]},{\"@type\":\"BreadcrumbList\",\"@id\":\"https:\/\/careers.trex.com\/career-fair\/#breadcrumb\",\"itemListElement\":[{\"@type\":\"ListItem\",\"position\":1,\"name\":\"\",\"item\":\"https:\/\/careers.trex.com\/es\/\"},{\"@type\":\"ListItem\",\"position\":2,\"name\":\"FERIA DE CARRERAS\"}]},{\"@type\":\"WebSite\",\"@id\":\"https:\/\/careers.trex.com\/#website\",\"url\":\"https:\/\/careers.trex.com\/\",\"name\":\"Trex Careers\",\"description\":\"Trex Careers\",\"publisher\":{\"@id\":\"https:\/\/careers.trex.com\/#organization\"},\"potentialAction\":[{\"@type\":\"SearchAction\",\"target\":{\"@type\":\"EntryPoint\",\"urlTemplate\":\"https:\/\/careers.trex.com\/?s={search_term_string}\"},\"query-input\":{\"@type\":\"PropertyValueSpecification\",\"valueRequired\":true,\"valueName\":\"search_term_string\"}}],\"inLanguage\":\"es\"},{\"@type\":\"Organization\",\"@id\":\"https:\/\/careers.trex.com\/#organization\",\"name\":\"Trex Careers\",\"url\":\"https:\/\/careers.trex.com\/\",\"logo\":{\"@type\":\"ImageObject\",\"inLanguage\":\"es\",\"@id\":\"https:\/\/careers.trex.com\/#\/schema\/logo\/image\/\",\"url\":\"\/wp-content\/uploads\/2020\/11\/trex-logo.png\",\"contentUrl\":\"\/wp-content\/uploads\/2020\/11\/trex-logo.png\",\"width\":1600,\"height\":1200,\"caption\":\"Trex Careers\"},\"image\":{\"@id\":\"https:\/\/careers.trex.com\/#\/schema\/logo\/image\/\"}}]}<\/script>\n<!-- \/ Yoast SEO plugin. -->","yoast_head_json":{"title":"FERIA DE CARRERAS - Trex Careers","robots":{"index":"index","follow":"follow","max-snippet":"max-snippet:-1","max-image-preview":"max-image-preview:large","max-video-preview":"max-video-preview:-1"},"canonical":"https:\/\/careers.trex.com\/career-fair\/","og_locale":"es_ES","og_type":"article","og_title":"FERIA DE CARRERAS - Trex Careers","og_url":"https:\/\/careers.trex.com\/career-fair\/","og_site_name":"Trex Careers","article_modified_time":"2021-07-26T15:11:10+00:00","og_image":[{"width":1600,"height":900,"url":"https:\/\/careers.trex.com\/wp-content\/uploads\/2020\/09\/operating-forklift-closeup-3.jpg","type":"image\/jpeg"}],"twitter_card":"summary_large_image","schema":{"@context":"https:\/\/schema.org","@graph":[{"@type":"WebPage","@id":"https:\/\/careers.trex.com\/career-fair\/","url":"https:\/\/careers.trex.com\/career-fair\/","name":"FERIA DE CARRERAS - Trex Careers","isPartOf":{"@id":"https:\/\/careers.trex.com\/#website"},"datePublished":"2021-07-16T21:03:16+00:00","dateModified":"2021-07-26T15:11:10+00:00","breadcrumb":{"@id":"https:\/\/careers.trex.com\/career-fair\/#breadcrumb"},"inLanguage":"es","potentialAction":[{"@type":"ReadAction","target":["https:\/\/careers.trex.com\/career-fair\/"]}]},{"@type":"BreadcrumbList","@id":"https:\/\/careers.trex.com\/career-fair\/#breadcrumb","itemListElement":[{"@type":"ListItem","position":1,"name":"","item":"https:\/\/careers.trex.com\/es\/"},{"@type":"ListItem","position":2,"name":"FERIA DE CARRERAS"}]},{"@type":"WebSite","@id":"https:\/\/careers.trex.com\/#website","url":"https:\/\/careers.trex.com\/","name":"Trex Careers","description":"Trex Careers","publisher":{"@id":"https:\/\/careers.trex.com\/#organization"},"potentialAction":[{"@type":"SearchAction","target":{"@type":"EntryPoint","urlTemplate":"https:\/\/careers.trex.com\/?s={search_term_string}"},"query-input":{"@type":"PropertyValueSpecification","valueRequired":true,"valueName":"search_term_string"}}],"inLanguage":"es"},{"@type":"Organization","@id":"https:\/\/careers.trex.com\/#organization","name":"Trex Careers","url":"https:\/\/careers.trex.com\/","logo":{"@type":"ImageObject","inLanguage":"es","@id":"https:\/\/careers.trex.com\/#\/schema\/logo\/image\/","url":"\/wp-content\/uploads\/2020\/11\/trex-logo.png","contentUrl":"\/wp-content\/uploads\/2020\/11\/trex-logo.png","width":1600,"height":1200,"caption":"Trex Careers"},"image":{"@id":"https:\/\/careers.trex.com\/#\/schema\/logo\/image\/"}}]}},"_links":{"self":[{"href":"https:\/\/careers.trex.com\/es\/wp-json\/wp\/v2\/pages\/1436","targetHints":{"allow":["GET"]}}],"collection":[{"href":"https:\/\/careers.trex.com\/es\/wp-json\/wp\/v2\/pages"}],"about":[{"href":"https:\/\/careers.trex.com\/es\/wp-json\/wp\/v2\/types\/page"}],"author":[{"embeddable":true,"href":"https:\/\/careers.trex.com\/es\/wp-json\/wp\/v2\/users\/1"}],"replies":[{"embeddable":true,"href":"https:\/\/careers.trex.com\/es\/wp-json\/wp\/v2\/comments?post=1436"}],"version-history":[{"count":9,"href":"https:\/\/careers.trex.com\/es\/wp-json\/wp\/v2\/pages\/1436\/revisions"}],"predecessor-version":[{"id":1471,"href":"https:\/\/careers.trex.com\/es\/wp-json\/wp\/v2\/pages\/1436\/revisions\/1471"}],"wp:attachment":[{"href":"https:\/\/careers.trex.com\/es\/wp-json\/wp\/v2\/media?parent=1436"}],"curies":[{"name":"wp","href":"https:\/\/api.w.org\/{rel}","templated":true}]}}