{"id":1120,"date":"2021-04-20T18:49:02","date_gmt":"2021-04-20T18:49:02","guid":{"rendered":"https:\/\/careers.trex.com\/?page_id=1120"},"modified":"2023-09-28T17:58:01","modified_gmt":"2023-09-28T17:58:01","slug":"winchester-vacantes-disponibles","status":"publish","type":"page","link":"https:\/\/careers.trex.com\/es\/winchester-vacantes-disponibles\/","title":{"rendered":"Winchester: Vacantes disponibles"},"content":{"rendered":"<p><!--[CDATA[\n<\/p--><\/p>\n\n<div class=\"block rtf align default align-default position-right\">\r\n  <div class=\"block-wrap\">\r\n    <div class=\"rtf-content cf\">\r\n      <p>Nuestras vacantes en Winchester, Virginia, incluyen m\u00faltiples sedes y una serie de cargos en el sector profesional y de manufactura. Nuestros ingenieros, comercializadores y desarrolladores de productos trabajan desde nuestra oficina principal, y la planta de manufactura y el centro de distribuci\u00f3n se encuentran al otro lado de la ciudad. Nos enorgullecemos del nivel de destreza manual que exhibimos en nuestros productos, y damos la bienvenida a las personas trabajadoras y emprendedoras que puedan llevar nuestro negocio al siguiente nivel.<\/p>\n    <\/div>\r\n      <\/div>\r\n<\/div>\r\n\n\n<div class=\"block split-feature align default media50 media-right\">\n  <div class=\"block-wrap\">\n    <div class=\"split-feature-inner\">\n              <div class=\"img-wrap\">\n          <div class=\"additional-image-slider\">\n                                                      <img decoding=\"async\" src=\"https:\/\/careers.trex.com\/wp-content\/uploads\/2023\/09\/winchester-location-1-1.jpg\" alt=\"downtown winchester\">\n                                                      <img decoding=\"async\" src=\"https:\/\/careers.trex.com\/wp-content\/uploads\/2020\/09\/trex-winchester-tunnel.jpg\" alt=\"Tunnel in Winchester\">\n                                                      <img decoding=\"async\" src=\"https:\/\/careers.trex.com\/wp-content\/uploads\/2023\/09\/trex-winchester-snowing.jpg\" alt=\"snowing in winchester\">\n                                                      <img decoding=\"async\" src=\"https:\/\/careers.trex.com\/wp-content\/uploads\/2023\/09\/trex-winchester-overlook.jpg\" alt=\"overlook of Winchester\">\n                                                      <img decoding=\"async\" src=\"https:\/\/careers.trex.com\/wp-content\/uploads\/2023\/09\/trex-winchester-overhead.jpg\" alt=\"Winchester building\">\n                      <\/div>\n        <\/div>\n      \n      <div class=\"content\">\n                  <h2>\n            La vida en <em>Winchester, Virginia<\/em>          <\/h2>\n        \n                  <div class=\"description-wrap cf\">\n            <p>Winchester se encuentra ubicado en el hermoso e hist\u00f3rico valle de Shenandoah en el norte de Virginia (en el \u00e1rea metropolitana de Washington D.C.) y es uno de los exportadores de manzanas m\u00e1s grandes del pa\u00eds. La ciudad es una acogedora mezcla de legados y tendencias actuales que se combinan a lo largo de Old Town Winchester. Podr\u00e1 realizar muchas actividades en sus d\u00edas libres, incluidas rutas de senderismo, museos de la Guerra Civil, tiendas, cervecer\u00edas artesanales y restaurantes multiculturales.<\/p>\n          <\/div>\n        \n              <\/div>\n    <\/div>\n  <\/div>\n<\/div>\n\n\n<div class=\"block split-feature align full-width-border media50 media-left\">\n  <div class=\"block-wrap\">\n    <div class=\"split-feature-inner\">\n              <div class=\"img-wrap\">\n          <img loading=\"lazy\" decoding=\"async\" src=\"https:\/\/careers.trex.com\/wp-content\/uploads\/2023\/09\/man-working-with-safety-glasses.jpg\" alt=\"Man in Safety Glasses Working\" width=\"1170\" height=\"900\">\n        <\/div>\n      \n      <div class=\"content\">\n                  <h2>\n            Explore Trex Jobs en Winchester          <\/h2>\n        \n                  <div class=\"description-wrap cf\">\n            <p>\u00bfEst\u00e1 listo para hacer su carrera profesional en Winchester, Virginia? Explore nuestro mapa interactivo de oportunidades profesionales para encontrar el puesto adecuado para usted.<\/p>\n          <\/div>\n        \n                  <div class=\"link-wrap\">\n            <a href=\"https:\/\/recruiting.ultipro.com\/TRE1006TRCI\/JobBoard\/699366e7-23c6-46d9-ae0d-4f649323dabf\/?q=&#038;o=postedDateDesc&#038;w=&#038;wc=&#038;we=&#038;wpst=\" class=\"btn \" target=\"_blank\"><span>ENCUENTRA TU PAPEL<\/span><\/a>          <\/div>\n              <\/div>\n    <\/div>\n  <\/div>\n<\/div>\n","protected":false},"excerpt":{"rendered":"","protected":false},"author":1,"featured_media":0,"parent":0,"menu_order":0,"comment_status":"closed","ping_status":"closed","template":"","meta":{"_acf_changed":false,"footnotes":""},"class_list":["post-1120","page","type-page","status-publish","hentry"],"acf":[],"yoast_head":"<!-- This site is optimized with the Yoast SEO plugin v27.1.1 - https:\/\/yoast.com\/product\/yoast-seo-wordpress\/ -->\n<title>Winchester: Vacantes disponibles - Trex Careers<\/title>\n<meta name=\"description\" content=\"Nuestras vacantes en Winchester, Virginia, incluyen m\u00faltiples sedes y una serie de cargos en el sector profesional y de manufactura.\" \/>\n<meta name=\"robots\" content=\"index, follow, max-snippet:-1, max-image-preview:large, max-video-preview:-1\" \/>\n<link rel=\"canonical\" href=\"https:\/\/careers.trex.com\/es\/winchester-vacantes-disponibles\/\" \/>\n<meta property=\"og:locale\" content=\"es_ES\" \/>\n<meta property=\"og:type\" content=\"article\" \/>\n<meta property=\"og:title\" content=\"Winchester: Vacantes disponibles - Trex Careers\" \/>\n<meta property=\"og:description\" content=\"Nuestras vacantes en Winchester, Virginia, incluyen m\u00faltiples sedes y una serie de cargos en el sector profesional y de manufactura.\" \/>\n<meta property=\"og:url\" content=\"https:\/\/careers.trex.com\/es\/winchester-vacantes-disponibles\/\" \/>\n<meta property=\"og:site_name\" content=\"Trex Careers\" \/>\n<meta property=\"article:modified_time\" content=\"2023-09-28T17:58:01+00:00\" \/>\n<meta property=\"og:image\" content=\"https:\/\/careers.trex.com\/wp-content\/uploads\/2020\/09\/operating-forklift-closeup-3.jpg\" \/>\n\t<meta property=\"og:image:width\" content=\"1600\" \/>\n\t<meta property=\"og:image:height\" content=\"900\" \/>\n\t<meta property=\"og:image:type\" content=\"image\/jpeg\" \/>\n<meta name=\"twitter:card\" content=\"summary_large_image\" \/>\n<script type=\"application\/ld+json\" class=\"yoast-schema-graph\">{\"@context\":\"https:\/\/schema.org\",\"@graph\":[{\"@type\":\"WebPage\",\"@id\":\"https:\/\/careers.trex.com\/es\/winchester-vacantes-disponibles\/\",\"url\":\"https:\/\/careers.trex.com\/es\/winchester-vacantes-disponibles\/\",\"name\":\"Winchester: Vacantes disponibles - Trex Careers\",\"isPartOf\":{\"@id\":\"https:\/\/careers.trex.com\/#website\"},\"datePublished\":\"2021-04-20T18:49:02+00:00\",\"dateModified\":\"2023-09-28T17:58:01+00:00\",\"description\":\"Nuestras vacantes en Winchester, Virginia, incluyen m\u00faltiples sedes y una serie de cargos en el sector profesional y de manufactura.\",\"breadcrumb\":{\"@id\":\"https:\/\/careers.trex.com\/es\/winchester-vacantes-disponibles\/#breadcrumb\"},\"inLanguage\":\"es\",\"potentialAction\":[{\"@type\":\"ReadAction\",\"target\":[\"https:\/\/careers.trex.com\/es\/winchester-vacantes-disponibles\/\"]}]},{\"@type\":\"BreadcrumbList\",\"@id\":\"https:\/\/careers.trex.com\/es\/winchester-vacantes-disponibles\/#breadcrumb\",\"itemListElement\":[{\"@type\":\"ListItem\",\"position\":1,\"name\":\"\",\"item\":\"https:\/\/careers.trex.com\/es\/\"},{\"@type\":\"ListItem\",\"position\":2,\"name\":\"Winchester: Vacantes disponibles\"}]},{\"@type\":\"WebSite\",\"@id\":\"https:\/\/careers.trex.com\/#website\",\"url\":\"https:\/\/careers.trex.com\/\",\"name\":\"Trex Careers\",\"description\":\"Trex Careers\",\"publisher\":{\"@id\":\"https:\/\/careers.trex.com\/#organization\"},\"potentialAction\":[{\"@type\":\"SearchAction\",\"target\":{\"@type\":\"EntryPoint\",\"urlTemplate\":\"https:\/\/careers.trex.com\/?s={search_term_string}\"},\"query-input\":{\"@type\":\"PropertyValueSpecification\",\"valueRequired\":true,\"valueName\":\"search_term_string\"}}],\"inLanguage\":\"es\"},{\"@type\":\"Organization\",\"@id\":\"https:\/\/careers.trex.com\/#organization\",\"name\":\"Trex Careers\",\"url\":\"https:\/\/careers.trex.com\/\",\"logo\":{\"@type\":\"ImageObject\",\"inLanguage\":\"es\",\"@id\":\"https:\/\/careers.trex.com\/#\/schema\/logo\/image\/\",\"url\":\"\/wp-content\/uploads\/2020\/11\/trex-logo.png\",\"contentUrl\":\"\/wp-content\/uploads\/2020\/11\/trex-logo.png\",\"width\":1600,\"height\":1200,\"caption\":\"Trex Careers\"},\"image\":{\"@id\":\"https:\/\/careers.trex.com\/#\/schema\/logo\/image\/\"}}]}<\/script>\n<!-- \/ Yoast SEO plugin. -->","yoast_head_json":{"title":"Winchester: Vacantes disponibles - Trex Careers","description":"Nuestras vacantes en Winchester, Virginia, incluyen m\u00faltiples sedes y una serie de cargos en el sector profesional y de manufactura.","robots":{"index":"index","follow":"follow","max-snippet":"max-snippet:-1","max-image-preview":"max-image-preview:large","max-video-preview":"max-video-preview:-1"},"canonical":"https:\/\/careers.trex.com\/es\/winchester-vacantes-disponibles\/","og_locale":"es_ES","og_type":"article","og_title":"Winchester: Vacantes disponibles - Trex Careers","og_description":"Nuestras vacantes en Winchester, Virginia, incluyen m\u00faltiples sedes y una serie de cargos en el sector profesional y de manufactura.","og_url":"https:\/\/careers.trex.com\/es\/winchester-vacantes-disponibles\/","og_site_name":"Trex Careers","article_modified_time":"2023-09-28T17:58:01+00:00","og_image":[{"width":1600,"height":900,"url":"https:\/\/careers.trex.com\/wp-content\/uploads\/2020\/09\/operating-forklift-closeup-3.jpg","type":"image\/jpeg"}],"twitter_card":"summary_large_image","schema":{"@context":"https:\/\/schema.org","@graph":[{"@type":"WebPage","@id":"https:\/\/careers.trex.com\/es\/winchester-vacantes-disponibles\/","url":"https:\/\/careers.trex.com\/es\/winchester-vacantes-disponibles\/","name":"Winchester: Vacantes disponibles - Trex Careers","isPartOf":{"@id":"https:\/\/careers.trex.com\/#website"},"datePublished":"2021-04-20T18:49:02+00:00","dateModified":"2023-09-28T17:58:01+00:00","description":"Nuestras vacantes en Winchester, Virginia, incluyen m\u00faltiples sedes y una serie de cargos en el sector profesional y de manufactura.","breadcrumb":{"@id":"https:\/\/careers.trex.com\/es\/winchester-vacantes-disponibles\/#breadcrumb"},"inLanguage":"es","potentialAction":[{"@type":"ReadAction","target":["https:\/\/careers.trex.com\/es\/winchester-vacantes-disponibles\/"]}]},{"@type":"BreadcrumbList","@id":"https:\/\/careers.trex.com\/es\/winchester-vacantes-disponibles\/#breadcrumb","itemListElement":[{"@type":"ListItem","position":1,"name":"","item":"https:\/\/careers.trex.com\/es\/"},{"@type":"ListItem","position":2,"name":"Winchester: Vacantes disponibles"}]},{"@type":"WebSite","@id":"https:\/\/careers.trex.com\/#website","url":"https:\/\/careers.trex.com\/","name":"Trex Careers","description":"Trex Careers","publisher":{"@id":"https:\/\/careers.trex.com\/#organization"},"potentialAction":[{"@type":"SearchAction","target":{"@type":"EntryPoint","urlTemplate":"https:\/\/careers.trex.com\/?s={search_term_string}"},"query-input":{"@type":"PropertyValueSpecification","valueRequired":true,"valueName":"search_term_string"}}],"inLanguage":"es"},{"@type":"Organization","@id":"https:\/\/careers.trex.com\/#organization","name":"Trex Careers","url":"https:\/\/careers.trex.com\/","logo":{"@type":"ImageObject","inLanguage":"es","@id":"https:\/\/careers.trex.com\/#\/schema\/logo\/image\/","url":"\/wp-content\/uploads\/2020\/11\/trex-logo.png","contentUrl":"\/wp-content\/uploads\/2020\/11\/trex-logo.png","width":1600,"height":1200,"caption":"Trex Careers"},"image":{"@id":"https:\/\/careers.trex.com\/#\/schema\/logo\/image\/"}}]}},"_links":{"self":[{"href":"https:\/\/careers.trex.com\/es\/wp-json\/wp\/v2\/pages\/1120","targetHints":{"allow":["GET"]}}],"collection":[{"href":"https:\/\/careers.trex.com\/es\/wp-json\/wp\/v2\/pages"}],"about":[{"href":"https:\/\/careers.trex.com\/es\/wp-json\/wp\/v2\/types\/page"}],"author":[{"embeddable":true,"href":"https:\/\/careers.trex.com\/es\/wp-json\/wp\/v2\/users\/1"}],"replies":[{"embeddable":true,"href":"https:\/\/careers.trex.com\/es\/wp-json\/wp\/v2\/comments?post=1120"}],"version-history":[{"count":9,"href":"https:\/\/careers.trex.com\/es\/wp-json\/wp\/v2\/pages\/1120\/revisions"}],"predecessor-version":[{"id":1845,"href":"https:\/\/careers.trex.com\/es\/wp-json\/wp\/v2\/pages\/1120\/revisions\/1845"}],"wp:attachment":[{"href":"https:\/\/careers.trex.com\/es\/wp-json\/wp\/v2\/media?parent=1120"}],"curies":[{"name":"wp","href":"https:\/\/api.w.org\/{rel}","templated":true}]}}