{"id":1114,"date":"2021-02-02T19:43:41","date_gmt":"2021-02-02T19:43:41","guid":{"rendered":"https:\/\/careers.trex.com\/?page_id=1114"},"modified":"2023-09-28T17:44:13","modified_gmt":"2023-09-28T17:44:13","slug":"vacantes-disponibles","status":"publish","type":"page","link":"https:\/\/careers.trex.com\/es\/vacantes-disponibles\/","title":{"rendered":"Vacantes disponibles"},"content":{"rendered":"<p><!--[CDATA[\n<\/p--><\/p>\n\n<div class=\"block rtf align default align-default position-right\">\r\n  <div class=\"block-wrap\">\r\n    <div class=\"rtf-content cf\">\r\n      <h2>Elija su sede de Trex<\/h2>\n<p>Trex est\u00e1 contratando empleados perseverantes y pr\u00e1cticos en todo el pa\u00eds. El mayor fabricante mundial de terrazas fabricadas con materiales alternativos a la madera necesita tener al mejor equipo disponible, desde trabajos de almac\u00e9n en Fernley, Nevada, hasta trabajos de oficina y relacionados con el sector de ingenier\u00eda en Winchester, Virginia.<\/p>\n    <\/div>\r\n      <\/div>\r\n<\/div>\r\n\n\n<div class=\"block split-feature align standard-width-light media40 media-right\">\n  <div class=\"block-wrap\">\n    <div class=\"split-feature-inner\">\n              <div class=\"img-wrap\">\n          <img loading=\"lazy\" decoding=\"async\" src=\"https:\/\/careers.trex.com\/wp-content\/uploads\/2023\/09\/trex-winchester-overlook.jpg\" alt=\"overlook of Winchester\" width=\"800\" height=\"450\">\n        <\/div>\n      \n      <div class=\"content\">\n                  <h2>\n            Winchester          <\/h2>\n        \n                  <div class=\"description-wrap cf\">\n            <p>En la sede de Trex en Winchester, Virginia, estamos buscando personal para cubrir una variedad de roles y responsabilidades. Buscamos personas que todos los d\u00edas quieran trabajar de forma m\u00e1s inteligente Y m\u00e1s ardua, desde personas que resuelvan problemas de manufactura hasta investigadores con sentido de emprendimiento.<\/p>\n          <\/div>\n        \n                  <div class=\"link-wrap\">\n            <a href=\"https:\/\/careers.trex.com\/es\/winchester-vacantes-disponibles\/\" class=\"btn \"><span>Vea los trabajos en Winchester<\/span><\/a>          <\/div>\n              <\/div>\n    <\/div>\n  <\/div>\n<\/div>\n\n\n<div class=\"block split-feature align standard-width media40 media-left\">\n  <div class=\"block-wrap\">\n    <div class=\"split-feature-inner\">\n              <div class=\"img-wrap\">\n          <img loading=\"lazy\" decoding=\"async\" src=\"https:\/\/careers.trex.com\/wp-content\/uploads\/2023\/09\/OPFern-min.jpg\" alt=\"Fernley overlook\" width=\"1000\" height=\"563\">\n        <\/div>\n      \n      <div class=\"content\">\n                  <h2>\n            Fernley          <\/h2>\n        \n                  <div class=\"description-wrap cf\">\n            <p>En Trex de Fernley, Nevada, buscamos empleados para operaciones de manufactura en turnos diurnos y nocturnos que sepan hacer bien su trabajo en todo momento. Buscamos personas proactivas en cualquier situaci\u00f3n, independientemente de que usted sea un trabajador de la l\u00ednea de producci\u00f3n o un t\u00e9cnico de l\u00ednea.<\/p>\n          <\/div>\n        \n                  <div class=\"link-wrap\">\n            <a href=\"https:\/\/careers.trex.com\/es\/fernley-vacantes-disponibles\/\" class=\"btn \"><span>VEA LOS TRABAJOS EN FERNLEY<\/span><\/a>          <\/div>\n              <\/div>\n    <\/div>\n  <\/div>\n<\/div>\n\n\n<div class=\"block split-feature align standard-width-light media40 media-right\">\n  <div class=\"block-wrap\">\n    <div class=\"split-feature-inner\">\n              <div class=\"img-wrap\">\n          <img loading=\"lazy\" decoding=\"async\" src=\"https:\/\/careers.trex.com\/wp-content\/uploads\/2023\/09\/OPMinn-min.jpg\" alt=\"Minneapolis overlook\" width=\"1000\" height=\"563\">\n        <\/div>\n      \n      <div class=\"content\">\n                  <h2>\n            Minneapolis          <\/h2>\n        \n                  <div class=\"description-wrap cf\">\n            <p>Minneapolis es la sede de Trex Commercial Products, donde dise\u00f1amos, creamos y fabricamos sistemas de barandillas y escenarios para algunos de los proyectos m\u00e1s grandes del pa\u00eds. Buscamos empleados que puedan asumir cualquier desaf\u00edo, desde representantes de ventas hasta ingenieros y soldadores.<\/p>\n          <\/div>\n        \n                  <div class=\"link-wrap\">\n            <a href=\"https:\/\/careers.trex.com\/es\/minneapolis-vacantes-disponibles\/\" class=\"btn \"><span>VEA LOS TRABAJOS EN MINNEAPOLIS<\/span><\/a>          <\/div>\n              <\/div>\n    <\/div>\n  <\/div>\n<\/div>\n\n\n<div class=\"block split-feature align standard-width media40 media-left\">\n  <div class=\"block-wrap\">\n    <div class=\"split-feature-inner\">\n              <div class=\"img-wrap\">\n          <img loading=\"lazy\" decoding=\"async\" src=\"https:\/\/careers.trex.com\/wp-content\/uploads\/2023\/09\/OPField-min.jpg\" alt=\"picture of a road surrounded by fields\" width=\"1000\" height=\"563\">\n        <\/div>\n      \n      <div class=\"content\">\n                  <h2>\n            Sedes en campo          <\/h2>\n        \n                  <div class=\"description-wrap cf\">\n            <p>Nos gustar\u00eda decir que el producto se vende por s\u00ed solo, pero son nuestros representantes de ventas ambiciosos y emprendedores quienes hacen el trabajo. Por supuesto, no est\u00e1 de m\u00e1s contar con el respaldo de la marca de terrazas n.\u00ba\u00a01 del mundo. Si usted es una persona sociable, confiable y le gusta viajar, hablemos.<\/p>\n          <\/div>\n        \n                  <div class=\"link-wrap\">\n            <a href=\"https:\/\/careers.trex.com\/es\/sedes-en-campo-vacantes-disponibles\/\" class=\"btn \"><span>VEA LOS TRABAJOS EN EL SECTOR DE VENTAS<\/span><\/a>          <\/div>\n              <\/div>\n    <\/div>\n  <\/div>\n<\/div>\n\n\n<div class=\"block split-feature align full-width media50 media-right\">\n  <div class=\"block-wrap\">\n    <div class=\"split-feature-inner\">\n              <div class=\"img-wrap\">\n          <img loading=\"lazy\" decoding=\"async\" src=\"https:\/\/careers.trex.com\/wp-content\/uploads\/2023\/09\/woman-inspecting-materials-1.jpg\" alt=\"woman inspecting materials and smiling\" width=\"1170\" height=\"900\">\n        <\/div>\n      \n      <div class=\"content\">\n                  <h2>\n            Un buen sueldo inicial es solo el comienzo          <\/h2>\n        \n                  <div class=\"description-wrap cf\">\n            <p>Nuestro equipo es nuestro mayor activo, y no escatimamos en beneficios y oportunidades profesionales. Trabaje duro. Obtenga recompensas.<\/p>\n          <\/div>\n        \n                  <div class=\"link-wrap\">\n            <a href=\"https:\/\/careers.trex.com\/es\/beneficios\/\" class=\"btn \"><span>CONOZCA LOS BENEFICIOS<\/span><\/a>          <\/div>\n              <\/div>\n    <\/div>\n  <\/div>\n<\/div>\n","protected":false},"excerpt":{"rendered":"","protected":false},"author":1,"featured_media":0,"parent":0,"menu_order":0,"comment_status":"closed","ping_status":"closed","template":"","meta":{"_acf_changed":false,"footnotes":""},"class_list":["post-1114","page","type-page","status-publish","hentry"],"acf":[],"yoast_head":"<!-- This site is optimized with the Yoast SEO plugin v27.5 - https:\/\/yoast.com\/product\/yoast-seo-wordpress\/ -->\n<title>Vacantes disponibles - Trex Careers<\/title>\n<meta name=\"description\" content=\"Trex est\u00e1 contratando empleados perseverantes y pr\u00e1cticos en todo el pa\u00eds.\" \/>\n<meta name=\"robots\" content=\"index, follow, max-snippet:-1, max-image-preview:large, max-video-preview:-1\" \/>\n<link rel=\"canonical\" href=\"https:\/\/careers.trex.com\/open-positions\/\" \/>\n<meta property=\"og:locale\" content=\"es_ES\" \/>\n<meta property=\"og:type\" content=\"article\" \/>\n<meta property=\"og:title\" content=\"Vacantes disponibles - Trex Careers\" \/>\n<meta property=\"og:description\" content=\"Trex est\u00e1 contratando empleados perseverantes y pr\u00e1cticos en todo el pa\u00eds.\" \/>\n<meta property=\"og:url\" content=\"https:\/\/careers.trex.com\/open-positions\/\" \/>\n<meta property=\"og:site_name\" content=\"Trex Careers\" \/>\n<meta property=\"article:modified_time\" content=\"2023-09-28T17:44:13+00:00\" \/>\n<meta property=\"og:image\" content=\"https:\/\/careers.trex.com\/wp-content\/uploads\/2020\/09\/operating-forklift-closeup-3.jpg\" \/>\n\t<meta property=\"og:image:width\" content=\"1600\" \/>\n\t<meta property=\"og:image:height\" content=\"900\" \/>\n\t<meta property=\"og:image:type\" content=\"image\/jpeg\" \/>\n<meta name=\"twitter:card\" content=\"summary_large_image\" \/>\n<script type=\"application\/ld+json\" class=\"yoast-schema-graph\">{\"@context\":\"https:\\\/\\\/schema.org\",\"@graph\":[{\"@type\":\"WebPage\",\"@id\":\"https:\\\/\\\/careers.trex.com\\\/open-positions\\\/\",\"url\":\"https:\\\/\\\/careers.trex.com\\\/open-positions\\\/\",\"name\":\"Vacantes disponibles - Trex Careers\",\"isPartOf\":{\"@id\":\"https:\\\/\\\/careers.trex.com\\\/#website\"},\"datePublished\":\"2021-02-02T19:43:41+00:00\",\"dateModified\":\"2023-09-28T17:44:13+00:00\",\"description\":\"Trex est\u00e1 contratando empleados perseverantes y pr\u00e1cticos en todo el pa\u00eds.\",\"breadcrumb\":{\"@id\":\"https:\\\/\\\/careers.trex.com\\\/open-positions\\\/#breadcrumb\"},\"inLanguage\":\"es\",\"potentialAction\":[{\"@type\":\"ReadAction\",\"target\":[\"https:\\\/\\\/careers.trex.com\\\/open-positions\\\/\"]}]},{\"@type\":\"BreadcrumbList\",\"@id\":\"https:\\\/\\\/careers.trex.com\\\/open-positions\\\/#breadcrumb\",\"itemListElement\":[{\"@type\":\"ListItem\",\"position\":1,\"name\":\"\",\"item\":\"https:\\\/\\\/careers.trex.com\\\/es\\\/\"},{\"@type\":\"ListItem\",\"position\":2,\"name\":\"Vacantes disponibles\"}]},{\"@type\":\"WebSite\",\"@id\":\"https:\\\/\\\/careers.trex.com\\\/#website\",\"url\":\"https:\\\/\\\/careers.trex.com\\\/\",\"name\":\"Trex Careers\",\"description\":\"Trex Careers\",\"publisher\":{\"@id\":\"https:\\\/\\\/careers.trex.com\\\/#organization\"},\"potentialAction\":[{\"@type\":\"SearchAction\",\"target\":{\"@type\":\"EntryPoint\",\"urlTemplate\":\"https:\\\/\\\/careers.trex.com\\\/?s={search_term_string}\"},\"query-input\":{\"@type\":\"PropertyValueSpecification\",\"valueRequired\":true,\"valueName\":\"search_term_string\"}}],\"inLanguage\":\"es\"},{\"@type\":\"Organization\",\"@id\":\"https:\\\/\\\/careers.trex.com\\\/#organization\",\"name\":\"Trex Careers\",\"url\":\"https:\\\/\\\/careers.trex.com\\\/\",\"logo\":{\"@type\":\"ImageObject\",\"inLanguage\":\"es\",\"@id\":\"https:\\\/\\\/careers.trex.com\\\/#\\\/schema\\\/logo\\\/image\\\/\",\"url\":\"\\\/wp-content\\\/uploads\\\/2020\\\/11\\\/trex-logo.png\",\"contentUrl\":\"\\\/wp-content\\\/uploads\\\/2020\\\/11\\\/trex-logo.png\",\"width\":1600,\"height\":1200,\"caption\":\"Trex Careers\"},\"image\":{\"@id\":\"https:\\\/\\\/careers.trex.com\\\/#\\\/schema\\\/logo\\\/image\\\/\"}}]}<\/script>\n<!-- \/ Yoast SEO plugin. -->","yoast_head_json":{"title":"Vacantes disponibles - Trex Careers","description":"Trex est\u00e1 contratando empleados perseverantes y pr\u00e1cticos en todo el pa\u00eds.","robots":{"index":"index","follow":"follow","max-snippet":"max-snippet:-1","max-image-preview":"max-image-preview:large","max-video-preview":"max-video-preview:-1"},"canonical":"https:\/\/careers.trex.com\/open-positions\/","og_locale":"es_ES","og_type":"article","og_title":"Vacantes disponibles - Trex Careers","og_description":"Trex est\u00e1 contratando empleados perseverantes y pr\u00e1cticos en todo el pa\u00eds.","og_url":"https:\/\/careers.trex.com\/open-positions\/","og_site_name":"Trex Careers","article_modified_time":"2023-09-28T17:44:13+00:00","og_image":[{"width":1600,"height":900,"url":"https:\/\/careers.trex.com\/wp-content\/uploads\/2020\/09\/operating-forklift-closeup-3.jpg","type":"image\/jpeg"}],"twitter_card":"summary_large_image","schema":{"@context":"https:\/\/schema.org","@graph":[{"@type":"WebPage","@id":"https:\/\/careers.trex.com\/open-positions\/","url":"https:\/\/careers.trex.com\/open-positions\/","name":"Vacantes disponibles - Trex Careers","isPartOf":{"@id":"https:\/\/careers.trex.com\/#website"},"datePublished":"2021-02-02T19:43:41+00:00","dateModified":"2023-09-28T17:44:13+00:00","description":"Trex est\u00e1 contratando empleados perseverantes y pr\u00e1cticos en todo el pa\u00eds.","breadcrumb":{"@id":"https:\/\/careers.trex.com\/open-positions\/#breadcrumb"},"inLanguage":"es","potentialAction":[{"@type":"ReadAction","target":["https:\/\/careers.trex.com\/open-positions\/"]}]},{"@type":"BreadcrumbList","@id":"https:\/\/careers.trex.com\/open-positions\/#breadcrumb","itemListElement":[{"@type":"ListItem","position":1,"name":"","item":"https:\/\/careers.trex.com\/es\/"},{"@type":"ListItem","position":2,"name":"Vacantes disponibles"}]},{"@type":"WebSite","@id":"https:\/\/careers.trex.com\/#website","url":"https:\/\/careers.trex.com\/","name":"Trex Careers","description":"Trex Careers","publisher":{"@id":"https:\/\/careers.trex.com\/#organization"},"potentialAction":[{"@type":"SearchAction","target":{"@type":"EntryPoint","urlTemplate":"https:\/\/careers.trex.com\/?s={search_term_string}"},"query-input":{"@type":"PropertyValueSpecification","valueRequired":true,"valueName":"search_term_string"}}],"inLanguage":"es"},{"@type":"Organization","@id":"https:\/\/careers.trex.com\/#organization","name":"Trex Careers","url":"https:\/\/careers.trex.com\/","logo":{"@type":"ImageObject","inLanguage":"es","@id":"https:\/\/careers.trex.com\/#\/schema\/logo\/image\/","url":"\/wp-content\/uploads\/2020\/11\/trex-logo.png","contentUrl":"\/wp-content\/uploads\/2020\/11\/trex-logo.png","width":1600,"height":1200,"caption":"Trex Careers"},"image":{"@id":"https:\/\/careers.trex.com\/#\/schema\/logo\/image\/"}}]}},"_links":{"self":[{"href":"https:\/\/careers.trex.com\/es\/wp-json\/wp\/v2\/pages\/1114","targetHints":{"allow":["GET"]}}],"collection":[{"href":"https:\/\/careers.trex.com\/es\/wp-json\/wp\/v2\/pages"}],"about":[{"href":"https:\/\/careers.trex.com\/es\/wp-json\/wp\/v2\/types\/page"}],"author":[{"embeddable":true,"href":"https:\/\/careers.trex.com\/es\/wp-json\/wp\/v2\/users\/1"}],"replies":[{"embeddable":true,"href":"https:\/\/careers.trex.com\/es\/wp-json\/wp\/v2\/comments?post=1114"}],"version-history":[{"count":6,"href":"https:\/\/careers.trex.com\/es\/wp-json\/wp\/v2\/pages\/1114\/revisions"}],"predecessor-version":[{"id":1813,"href":"https:\/\/careers.trex.com\/es\/wp-json\/wp\/v2\/pages\/1114\/revisions\/1813"}],"wp:attachment":[{"href":"https:\/\/careers.trex.com\/es\/wp-json\/wp\/v2\/media?parent=1114"}],"curies":[{"name":"wp","href":"https:\/\/api.w.org\/{rel}","templated":true}]}}