{"id":1112,"date":"2021-04-20T18:45:16","date_gmt":"2021-04-20T18:45:16","guid":{"rendered":"https:\/\/careers.trex.com\/?page_id=1112"},"modified":"2023-09-28T17:52:06","modified_gmt":"2023-09-28T17:52:06","slug":"minneapolis-vacantes-disponibles","status":"publish","type":"page","link":"https:\/\/careers.trex.com\/es\/minneapolis-vacantes-disponibles\/","title":{"rendered":"Minneapolis: Vacantes disponibles"},"content":{"rendered":"<p><!--[CDATA[\n<\/p--><\/p>\n\n<div class=\"block rtf align default align-default position-right\">\r\n  <div class=\"block-wrap\">\r\n    <div class=\"rtf-content cf\">\r\n      <p>Nuestra sede en Minneapolis es el hogar de Trex Commercial Products, donde dise\u00f1amos, construimos y vendemos sistemas de barandillas y escenarios dise\u00f1ados a medida para el mercado comercial y multifamiliar, incluidos recintos y estadios. Una vez que empiece a trabajar aqu\u00ed, nunca volver\u00e1 a pasar la mano por una barandilla sin antes examinarla, \u00a1y eso es completamente normal!<\/p>\n    <\/div>\r\n      <\/div>\r\n<\/div>\r\n\n\n<div class=\"block split-feature align default media50 media-right\">\n  <div class=\"block-wrap\">\n    <div class=\"split-feature-inner\">\n              <div class=\"img-wrap\">\n          <div class=\"additional-image-slider\">\n                                                      <img decoding=\"async\" src=\"https:\/\/careers.trex.com\/wp-content\/uploads\/2023\/09\/Minn1-min.jpg\" alt=\"Minneapolis\">\n                                                      <img decoding=\"async\" src=\"https:\/\/careers.trex.com\/wp-content\/uploads\/2023\/09\/Minn2-min.jpg\" alt=\"forest path covered in snow\">\n                                                      <img decoding=\"async\" src=\"https:\/\/careers.trex.com\/wp-content\/uploads\/2023\/09\/Minn3-min.jpg\" alt=\"waterfall flowing into a creek\">\n                      <\/div>\n        <\/div>\n      \n      <div class=\"content\">\n                  <h2>\n            La vida en <em>Minneapolis<\/em>          <\/h2>\n        \n                  <div class=\"description-wrap cf\">\n            <p>Minneapolis, una de las ciudades gemelas de Minnesota, es conocida como sede de equipos deportivos profesionales, lugares de recreaci\u00f3n al aire libre, lugares de compras exclusivos y cultura diversa. Tendr\u00e1 muchas actividades que hacer en su tiempo libre: realice sus compras en el enorme Mall of America, celebre al \u00edcono de la m\u00fasica Prince, viva la naturaleza a trav\u00e9s de innumerables aventuras al aire libre, disfrute de m\u00fasica en vivo, deguste cervezas y licores artesanales, y conozca a 4,700\u00a0animales en el Zool\u00f3gico de Minnesota.<\/p>\n          <\/div>\n        \n              <\/div>\n    <\/div>\n  <\/div>\n<\/div>\n\n\n<div class=\"block split-feature align full-width-border media50 media-left\">\n  <div class=\"block-wrap\">\n    <div class=\"split-feature-inner\">\n              <div class=\"img-wrap\">\n          <img loading=\"lazy\" decoding=\"async\" src=\"https:\/\/careers.trex.com\/wp-content\/uploads\/2023\/09\/driving-company-vehicle-1.jpeg\" alt=\"truck driver smiling\" width=\"1024\" height=\"788\">\n        <\/div>\n      \n      <div class=\"content\">\n                  <h2>\n            Explore Trex Jobs en Minneapolis          <\/h2>\n        \n                  <div class=\"description-wrap cf\">\n            <p>\u00bfEst\u00e1 listo para hacer su carrera profesional en Minneapolis, Minnesota? Explore nuestro mapa interactivo de oportunidades profesionales para encontrar el puesto adecuado para usted.<\/p>\n          <\/div>\n        \n                  <div class=\"link-wrap\">\n            <a href=\"https:\/\/recruiting.ultipro.com\/TRE1006TRCI\/JobBoard\/699366e7-23c6-46d9-ae0d-4f649323dabf\/?q=&#038;o=postedDateDesc&#038;w=&#038;wc=&#038;we=&#038;wpst=\" class=\"btn \" target=\"_blank\"><span>ENCUENTRA TU PAPEL<\/span><\/a>          <\/div>\n              <\/div>\n    <\/div>\n  <\/div>\n<\/div>\n","protected":false},"excerpt":{"rendered":"","protected":false},"author":1,"featured_media":0,"parent":0,"menu_order":0,"comment_status":"closed","ping_status":"closed","template":"","meta":{"_acf_changed":false,"footnotes":""},"class_list":["post-1112","page","type-page","status-publish","hentry"],"acf":[],"yoast_head":"<!-- This site is optimized with the Yoast SEO plugin v27.1.1 - https:\/\/yoast.com\/product\/yoast-seo-wordpress\/ -->\n<title>Minneapolis: Vacantes disponibles - Trex Careers<\/title>\n<meta name=\"description\" content=\"Nuestra sede en Minneapolis es el hogar de Trex Commercial Products, donde dise\u00f1amos, construimos y vendemos sistemas de barandillas y escenarios dise\u00f1ados a medida para el mercado comercial y multifamiliar, incluidos recintos y estadios.\" \/>\n<meta name=\"robots\" content=\"index, follow, max-snippet:-1, max-image-preview:large, max-video-preview:-1\" \/>\n<link rel=\"canonical\" href=\"https:\/\/careers.trex.com\/minneapolis-open-positions\/\" \/>\n<meta property=\"og:locale\" content=\"es_ES\" \/>\n<meta property=\"og:type\" content=\"article\" \/>\n<meta property=\"og:title\" content=\"Minneapolis: Vacantes disponibles - Trex Careers\" \/>\n<meta property=\"og:description\" content=\"Nuestra sede en Minneapolis es el hogar de Trex Commercial Products, donde dise\u00f1amos, construimos y vendemos sistemas de barandillas y escenarios dise\u00f1ados a medida para el mercado comercial y multifamiliar, incluidos recintos y estadios.\" \/>\n<meta property=\"og:url\" content=\"https:\/\/careers.trex.com\/minneapolis-open-positions\/\" \/>\n<meta property=\"og:site_name\" content=\"Trex Careers\" \/>\n<meta property=\"article:modified_time\" content=\"2023-09-28T17:52:06+00:00\" \/>\n<meta property=\"og:image\" content=\"https:\/\/careers.trex.com\/wp-content\/uploads\/2020\/09\/operating-forklift-closeup-3.jpg\" \/>\n\t<meta property=\"og:image:width\" content=\"1600\" \/>\n\t<meta property=\"og:image:height\" content=\"900\" \/>\n\t<meta property=\"og:image:type\" content=\"image\/jpeg\" \/>\n<meta name=\"twitter:card\" content=\"summary_large_image\" \/>\n<script type=\"application\/ld+json\" class=\"yoast-schema-graph\">{\"@context\":\"https:\/\/schema.org\",\"@graph\":[{\"@type\":\"WebPage\",\"@id\":\"https:\/\/careers.trex.com\/minneapolis-open-positions\/\",\"url\":\"https:\/\/careers.trex.com\/minneapolis-open-positions\/\",\"name\":\"Minneapolis: Vacantes disponibles - Trex Careers\",\"isPartOf\":{\"@id\":\"https:\/\/careers.trex.com\/#website\"},\"datePublished\":\"2021-04-20T18:45:16+00:00\",\"dateModified\":\"2023-09-28T17:52:06+00:00\",\"description\":\"Nuestra sede en Minneapolis es el hogar de Trex Commercial Products, donde dise\u00f1amos, construimos y vendemos sistemas de barandillas y escenarios dise\u00f1ados a medida para el mercado comercial y multifamiliar, incluidos recintos y estadios.\",\"breadcrumb\":{\"@id\":\"https:\/\/careers.trex.com\/minneapolis-open-positions\/#breadcrumb\"},\"inLanguage\":\"es\",\"potentialAction\":[{\"@type\":\"ReadAction\",\"target\":[\"https:\/\/careers.trex.com\/minneapolis-open-positions\/\"]}]},{\"@type\":\"BreadcrumbList\",\"@id\":\"https:\/\/careers.trex.com\/minneapolis-open-positions\/#breadcrumb\",\"itemListElement\":[{\"@type\":\"ListItem\",\"position\":1,\"name\":\"\",\"item\":\"https:\/\/careers.trex.com\/es\/\"},{\"@type\":\"ListItem\",\"position\":2,\"name\":\"Minneapolis: Vacantes disponibles\"}]},{\"@type\":\"WebSite\",\"@id\":\"https:\/\/careers.trex.com\/#website\",\"url\":\"https:\/\/careers.trex.com\/\",\"name\":\"Trex Careers\",\"description\":\"Trex Careers\",\"publisher\":{\"@id\":\"https:\/\/careers.trex.com\/#organization\"},\"potentialAction\":[{\"@type\":\"SearchAction\",\"target\":{\"@type\":\"EntryPoint\",\"urlTemplate\":\"https:\/\/careers.trex.com\/?s={search_term_string}\"},\"query-input\":{\"@type\":\"PropertyValueSpecification\",\"valueRequired\":true,\"valueName\":\"search_term_string\"}}],\"inLanguage\":\"es\"},{\"@type\":\"Organization\",\"@id\":\"https:\/\/careers.trex.com\/#organization\",\"name\":\"Trex Careers\",\"url\":\"https:\/\/careers.trex.com\/\",\"logo\":{\"@type\":\"ImageObject\",\"inLanguage\":\"es\",\"@id\":\"https:\/\/careers.trex.com\/#\/schema\/logo\/image\/\",\"url\":\"\/wp-content\/uploads\/2020\/11\/trex-logo.png\",\"contentUrl\":\"\/wp-content\/uploads\/2020\/11\/trex-logo.png\",\"width\":1600,\"height\":1200,\"caption\":\"Trex Careers\"},\"image\":{\"@id\":\"https:\/\/careers.trex.com\/#\/schema\/logo\/image\/\"}}]}<\/script>\n<!-- \/ Yoast SEO plugin. -->","yoast_head_json":{"title":"Minneapolis: Vacantes disponibles - Trex Careers","description":"Nuestra sede en Minneapolis es el hogar de Trex Commercial Products, donde dise\u00f1amos, construimos y vendemos sistemas de barandillas y escenarios dise\u00f1ados a medida para el mercado comercial y multifamiliar, incluidos recintos y estadios.","robots":{"index":"index","follow":"follow","max-snippet":"max-snippet:-1","max-image-preview":"max-image-preview:large","max-video-preview":"max-video-preview:-1"},"canonical":"https:\/\/careers.trex.com\/minneapolis-open-positions\/","og_locale":"es_ES","og_type":"article","og_title":"Minneapolis: Vacantes disponibles - Trex Careers","og_description":"Nuestra sede en Minneapolis es el hogar de Trex Commercial Products, donde dise\u00f1amos, construimos y vendemos sistemas de barandillas y escenarios dise\u00f1ados a medida para el mercado comercial y multifamiliar, incluidos recintos y estadios.","og_url":"https:\/\/careers.trex.com\/minneapolis-open-positions\/","og_site_name":"Trex Careers","article_modified_time":"2023-09-28T17:52:06+00:00","og_image":[{"width":1600,"height":900,"url":"https:\/\/careers.trex.com\/wp-content\/uploads\/2020\/09\/operating-forklift-closeup-3.jpg","type":"image\/jpeg"}],"twitter_card":"summary_large_image","schema":{"@context":"https:\/\/schema.org","@graph":[{"@type":"WebPage","@id":"https:\/\/careers.trex.com\/minneapolis-open-positions\/","url":"https:\/\/careers.trex.com\/minneapolis-open-positions\/","name":"Minneapolis: Vacantes disponibles - Trex Careers","isPartOf":{"@id":"https:\/\/careers.trex.com\/#website"},"datePublished":"2021-04-20T18:45:16+00:00","dateModified":"2023-09-28T17:52:06+00:00","description":"Nuestra sede en Minneapolis es el hogar de Trex Commercial Products, donde dise\u00f1amos, construimos y vendemos sistemas de barandillas y escenarios dise\u00f1ados a medida para el mercado comercial y multifamiliar, incluidos recintos y estadios.","breadcrumb":{"@id":"https:\/\/careers.trex.com\/minneapolis-open-positions\/#breadcrumb"},"inLanguage":"es","potentialAction":[{"@type":"ReadAction","target":["https:\/\/careers.trex.com\/minneapolis-open-positions\/"]}]},{"@type":"BreadcrumbList","@id":"https:\/\/careers.trex.com\/minneapolis-open-positions\/#breadcrumb","itemListElement":[{"@type":"ListItem","position":1,"name":"","item":"https:\/\/careers.trex.com\/es\/"},{"@type":"ListItem","position":2,"name":"Minneapolis: Vacantes disponibles"}]},{"@type":"WebSite","@id":"https:\/\/careers.trex.com\/#website","url":"https:\/\/careers.trex.com\/","name":"Trex Careers","description":"Trex Careers","publisher":{"@id":"https:\/\/careers.trex.com\/#organization"},"potentialAction":[{"@type":"SearchAction","target":{"@type":"EntryPoint","urlTemplate":"https:\/\/careers.trex.com\/?s={search_term_string}"},"query-input":{"@type":"PropertyValueSpecification","valueRequired":true,"valueName":"search_term_string"}}],"inLanguage":"es"},{"@type":"Organization","@id":"https:\/\/careers.trex.com\/#organization","name":"Trex Careers","url":"https:\/\/careers.trex.com\/","logo":{"@type":"ImageObject","inLanguage":"es","@id":"https:\/\/careers.trex.com\/#\/schema\/logo\/image\/","url":"\/wp-content\/uploads\/2020\/11\/trex-logo.png","contentUrl":"\/wp-content\/uploads\/2020\/11\/trex-logo.png","width":1600,"height":1200,"caption":"Trex Careers"},"image":{"@id":"https:\/\/careers.trex.com\/#\/schema\/logo\/image\/"}}]}},"_links":{"self":[{"href":"https:\/\/careers.trex.com\/es\/wp-json\/wp\/v2\/pages\/1112","targetHints":{"allow":["GET"]}}],"collection":[{"href":"https:\/\/careers.trex.com\/es\/wp-json\/wp\/v2\/pages"}],"about":[{"href":"https:\/\/careers.trex.com\/es\/wp-json\/wp\/v2\/types\/page"}],"author":[{"embeddable":true,"href":"https:\/\/careers.trex.com\/es\/wp-json\/wp\/v2\/users\/1"}],"replies":[{"embeddable":true,"href":"https:\/\/careers.trex.com\/es\/wp-json\/wp\/v2\/comments?post=1112"}],"version-history":[{"count":10,"href":"https:\/\/careers.trex.com\/es\/wp-json\/wp\/v2\/pages\/1112\/revisions"}],"predecessor-version":[{"id":1820,"href":"https:\/\/careers.trex.com\/es\/wp-json\/wp\/v2\/pages\/1112\/revisions\/1820"}],"wp:attachment":[{"href":"https:\/\/careers.trex.com\/es\/wp-json\/wp\/v2\/media?parent=1112"}],"curies":[{"name":"wp","href":"https:\/\/api.w.org\/{rel}","templated":true}]}}