{"id":1110,"date":"2021-02-02T19:36:13","date_gmt":"2021-02-02T19:36:13","guid":{"rendered":"https:\/\/careers.trex.com\/?page_id=1110"},"modified":"2023-09-28T17:49:45","modified_gmt":"2023-09-28T17:49:45","slug":"el-interior-de-trex","status":"publish","type":"page","link":"https:\/\/careers.trex.com\/es\/el-interior-de-trex\/","title":{"rendered":"El interior de Trex"},"content":{"rendered":"<p><!--[CDATA[\n<\/p--><\/p>\n\n  <div class=\"block multiple-callout align image-blocks-with-feature col-4 default-images\">\n    <div class=\"block-wrap\">\n      \n              <div class=\"featured-item-wrapper\">\n          <div class=\"description-wrap cf\">\n            <h2>SI FUERA F\u00c1CIL, CUALQUIERA PODR\u00cdA&nbsp;HACERLO.<\/h2>\n<p>Los empleados de Trex convierten el trabajo duro en resultados reales. Est\u00e1n motivados. Trabajan para mejorar e innovar cada d\u00eda. Nunca se conforman con nada que no sea lo mejor. \u00bfQuiere saber c\u00f3mo es trabajar aqu\u00ed? Eche un vistazo.<\/p>\n          <\/div>\n          <div class=\"featured-item\">\n                          <div class=\"callout-inner\">\n                                                <div class=\"callout-wrapper\">\n                  <div class=\"callout  has-img\">\n\n                                                                  <div class=\"img-wrap\">\n                          <img loading=\"lazy\" decoding=\"async\" src=\"https:\/\/careers.trex.com\/wp-content\/uploads\/2023\/09\/coordinating-work.jpg\" alt=\"Coordinating work near trucks\" width=\"1600\" height=\"900\">\n                        <\/div>\n                      \n                                          \n                    <div class=\"content\">\n                                              <h3>\n                          ENORGULL\u00c9ZCASE DE SU TRABAJO                        <\/h3>\n                      \n                      \n                    <\/div>\n\n                                      <\/div>\n                                      <div class=\"description-wrap cf\">\n                      <p>Ser un l\u00edder en la industria requiere mucho trabajo duro, determinaci\u00f3n y atenci\u00f3n a los detalles. No llegamos a la cima conform\u00e1ndonos con nada que no sea lo mejor. Y sabemos que usted tampoco.<\/p>\n                    <\/div>\n                                  <\/div>\n              <\/div>\n                      <\/div>\n        <\/div>\n      \n              <div class=\"additional-items-wrapper\">\n          <div class=\"callout-inner\">\n                                                                    <div class=\"callout-wrapper\">\n                <div class=\"callout  has-img\">\n\n                                                            <div class=\"img-wrap\">\n                        <img loading=\"lazy\" decoding=\"async\" src=\"https:\/\/careers.trex.com\/wp-content\/uploads\/2023\/09\/working-together-in-office.jpg\" alt=\"Employees working together in office\" width=\"800\" height=\"800\">\n                      <\/div>\n                    \n                                      \n                  <div class=\"content\">\n                                          <h3>\n                        HAGA ESCUCHAR SU OPINI\u00d3N                      <\/h3>\n                    \n                                      <\/div>\n\n                                  <\/div>\n                                  <div class=\"description-wrap cf\">\n                    <p>\u00bfTiene una gran idea? \u00bfSabe c\u00f3mo mejorar el trabajo o un proceso? Queremos escucharle. El emprendimiento y la innovaci\u00f3n de nuestros empleados nos permiten ser mejores cada d\u00eda. <\/p>\n                  <\/div>\n                              <\/div>\n                                                      <div class=\"callout-wrapper\">\n                <div class=\"callout  has-img\">\n\n                                                            <div class=\"img-wrap\">\n                        <img loading=\"lazy\" decoding=\"async\" src=\"https:\/\/careers.trex.com\/wp-content\/uploads\/2023\/09\/drive-your-career-800x800-1.jpg\" alt=\"Man brainstorming new ideas\" width=\"800\" height=\"800\">\n                      <\/div>\n                    \n                                      \n                  <div class=\"content\">\n                                          <h3>\n                        AVANCE EN SU CARRERA                      <\/h3>\n                    \n                                      <\/div>\n\n                                  <\/div>\n                                  <div class=\"description-wrap cf\">\n                    <p>Permanentemente nos exigimos y les exigimos a los dem\u00e1s para avanzar al siguiente nivel. Y juntos dominamos la industria de terrazas compuestas.<\/p>\n                  <\/div>\n                              <\/div>\n                                                      <div class=\"callout-wrapper\">\n                <div class=\"callout  has-img\">\n\n                                                            <div class=\"img-wrap\">\n                        <img loading=\"lazy\" decoding=\"async\" src=\"https:\/\/careers.trex.com\/wp-content\/uploads\/2023\/09\/unwrapping-decking-materials.jpg\" alt=\"woman unwrapping decking materials\" width=\"800\" height=\"800\">\n                      <\/div>\n                    \n                                      \n                  <div class=\"content\">\n                                          <h3>\n                        ABRA SU PROPIO CAMINO                      <\/h3>\n                    \n                                      <\/div>\n\n                                  <\/div>\n                                  <div class=\"description-wrap cf\">\n                    <p>Ofrecemos cargos directivos a las personas que se esfuercen para alcanzarlos. Si busca aprender y seguir creciendo a nivel profesional, aqu\u00ed tendr\u00e1 esa oportunidad.<\/p>\n                  <\/div>\n                              <\/div>\n                      <\/div>\n        <\/div>\n                <\/div>\n  <\/div>\n\n\n  <div class=\"block multiple-callout align text-blocks-centered col-5 default-images\">\n    <div class=\"block-wrap\">\n      \n              <div class=\"description-wrap cf\">\n          <h2>VALORES<\/h2>\n        <\/div>\n      \n              <div class=\"callout-inner\">\n                                  <div class=\"callout  has-img\">\n\n                                                <div class=\"img-wrap\">\n                    <img decoding=\"async\" src=\"\" alt=\"\" width=\"\" height=\"\">\n                  <\/div>\n                \n                              \n              <div class=\"content\">\n                                  <h3>\n                    <span style=\"font-size: 36px; line-height: 36px; display: block;\">MOTIVACI\u00d3N<\/span>                  <\/h3>\n                \n                \n                                  <div class=\"description-wrap cf\">\n                    <p>Nuestra ambici\u00f3n y motivaci\u00f3n nos llevan a buscar constantemente nuevos desaf\u00edos. Nuestro equipo est\u00e1 preparado para marcar la diferencia todos los d\u00edas.<\/p>\n                  <\/div>\n                              <\/div>\n\n                          <\/div>\n                                  <div class=\"callout  has-img\">\n\n                                                <div class=\"img-wrap\">\n                    <img decoding=\"async\" src=\"\" alt=\"\" width=\"\" height=\"\">\n                  <\/div>\n                \n                              \n              <div class=\"content\">\n                                  <h3>\n                    <span style=\"font-size: 36px; line-height: 36px; display: block;\">INDEPENDENCIA<\/span>                  <\/h3>\n                \n                \n                                  <div class=\"description-wrap cf\">\n                    <p>Empoderamos a los empleados para que realicen su trabajo con un gran nivel de autonom\u00eda y marquen su propio rumbo en un entorno de apoyo.<\/p>\n                  <\/div>\n                              <\/div>\n\n                          <\/div>\n                                  <div class=\"callout  has-img\">\n\n                                                <div class=\"img-wrap\">\n                    <img decoding=\"async\" src=\"\" alt=\"\" width=\"\" height=\"\">\n                  <\/div>\n                \n                              \n              <div class=\"content\">\n                                  <h3>\n                    <span style=\"font-size: 36px; line-height: 36px; display: block;\">RESPONSABILIDAD<\/span>                  <\/h3>\n                \n                \n                                  <div class=\"description-wrap cf\">\n                    <p>Todos los d\u00edas, nos comprometemos a entregar un trabajo de la m\u00e1s alta calidad, de manera responsable y confiable.<\/p>\n                  <\/div>\n                              <\/div>\n\n                          <\/div>\n                                  <div class=\"callout  has-img\">\n\n                                                <div class=\"img-wrap\">\n                    <img decoding=\"async\" src=\"\" alt=\"\" width=\"\" height=\"\">\n                  <\/div>\n                \n                              \n              <div class=\"content\">\n                                  <h3>\n                    <span style=\"font-size: 36px; line-height: 36px; display: block;\">PASI\u00d3N<\/span>                  <\/h3>\n                \n                \n                                  <div class=\"description-wrap cf\">\n                    <p>Nuestra pasi\u00f3n va m\u00e1s all\u00e1 del trabajo que hacemos y los productos que fabricamos, abarca nuestra familia, la comunidad y el medioambiente.<\/p>\n                  <\/div>\n                              <\/div>\n\n                          <\/div>\n                                  <div class=\"callout  has-img\">\n\n                                                <div class=\"img-wrap\">\n                    <img decoding=\"async\" src=\"\" alt=\"\" width=\"\" height=\"\">\n                  <\/div>\n                \n                              \n              <div class=\"content\">\n                                  <h3>\n                    <span style=\"font-size: 36px; line-height: 36px; display: block;\">ADAPTABILIDAD<\/span>                  <\/h3>\n                \n                \n                                  <div class=\"description-wrap cf\">\n                    <p>En una atm\u00f3sfera de constante cambio, la adaptabilidad es clave. Estamos en constante evoluci\u00f3n, y buscamos formas de hacer las cosas de manera diferente. <\/p>\n                  <\/div>\n                              <\/div>\n\n                          <\/div>\n                  <\/div>\n                <\/div>\n  <\/div>\n\n\n<div class=\"block split-feature align default media50 media-left\">\n  <div class=\"block-wrap\">\n    <div class=\"split-feature-inner\">\n              <div class=\"img-wrap\">\n          <img loading=\"lazy\" decoding=\"async\" src=\"https:\/\/careers.trex.com\/wp-content\/uploads\/2020\/10\/ron-kinzey-1.jpg\" alt=\"Ron Kinzey\" width=\"1200\" height=\"675\">\n        <\/div>\n      \n      <div class=\"content\">\n                  <h2>\n            <em>RON KINZEY<\/em> siempre se ha sentido como parte del equipo durante 19\u00a0a\u00f1os.          <\/h2>\n        \n                  <div class=\"description-wrap cf\">\n            <p>Por casi dos d\u00e9cadas, Ron ha trabajado en todas las \u00e1reas de Trex, aprendiendo nuevas habilidades y acumulando experiencia. Cuando le pedimos que dirigiera un nuevo departamento, se puso manos a la obra y aprendi\u00f3 el trabajo. M\u00e1s importante a\u00fan, aprendi\u00f3 acerca de los miembros de su equipo, desde los nombres de sus hijos hasta sus pasatiempos. Puede estar seguro de que tambi\u00e9n se sintieron como parte del equipo. Ron hace su mejor esfuerzo por Trex, y estamos orgullosos de que haga parte de nuestra trabajadora familia. <\/p>\n          <\/div>\n        \n              <\/div>\n    <\/div>\n  <\/div>\n<\/div>\n\n\n  <div class=\"block multiple-callout align default col-2 default-images slashes-on\">\n    <div class=\"block-wrap\">\n      \n              <div class=\"description-wrap cf\">\n          <h2>TREX EN LA COMUNIDAD<\/h2>\n<p>Esto no se trata solo de un trabajo. Vivimos donde trabajamos y nos encanta donde vivimos. Es por eso que siempre estamos buscando nuevas manera de contribuir a las comunidades que consideramos como un hogar, incluidas Winchester, Virginia, Fernley, Nevada y otras. <\/p>\n        <\/div>\n      \n              <div class=\"callout-inner\">\n                                  <div class=\"callout  has-img\">\n\n                                                <div class=\"img-wrap\">\n                    <img loading=\"lazy\" decoding=\"async\" src=\"https:\/\/careers.trex.com\/wp-content\/uploads\/2023\/09\/volunteering-construction-800x450-1.jpg\" alt=\"Volunteering Construction Assitance\" width=\"800\" height=\"450\">\n                  <\/div>\n                \n                              \n              \n                          <\/div>\n                                  <div class=\"callout  has-img\">\n\n                                                <div class=\"img-wrap\">\n                    <img loading=\"lazy\" decoding=\"async\" src=\"https:\/\/careers.trex.com\/wp-content\/uploads\/2023\/09\/trex-volunteer-work-800x450-1.jpg\" alt=\"Trex Volunteer Work\" width=\"800\" height=\"450\">\n                  <\/div>\n                \n                              \n              \n                          <\/div>\n                  <\/div>\n                <\/div>\n  <\/div>\n\n\n<div class=\"block split-feature align standard-width media50 media-left\">\n  <div class=\"block-wrap\">\n    <div class=\"split-feature-inner\">\n              <div class=\"img-wrap\">\n          <img loading=\"lazy\" decoding=\"async\" src=\"https:\/\/careers.trex.com\/wp-content\/uploads\/2023\/09\/decking-product-1.jpg\" alt=\"Deck close-up with lights\" width=\"1600\" height=\"930\">\n        <\/div>\n      \n      <div class=\"content\">\n                  <h2>\n            QUI\u00c9NES SOMOS          <\/h2>\n        \n                  <div class=\"description-wrap cf\">\n            <p>Trex invent\u00f3 la categor\u00eda de terrazas compuestas a principios de la d\u00e9cada de los noventa. Desde entonces, hemos estado construyendo e innovando para convertirnos en la marca de terrazas n.\u00ba\u00a01 del mundo. Pero la historia de Trex no se detiene ah\u00ed. Siempre seguiremos trabajando en lo que nos depara el futuro.<\/p>\n          <\/div>\n        \n                  <div class=\"link-wrap\">\n            <a href=\"https:\/\/careers.trex.com\/es\/nuestra-empresa\" class=\"btn \"><span>APRENDA M\u00c1S<\/span><\/a>          <\/div>\n              <\/div>\n    <\/div>\n  <\/div>\n<\/div>\n\n\n<div class=\"block split-feature align full-width media50 media-right\">\n  <div class=\"block-wrap\">\n    <div class=\"split-feature-inner\">\n              <div class=\"img-wrap\">\n          <img loading=\"lazy\" decoding=\"async\" src=\"https:\/\/careers.trex.com\/wp-content\/uploads\/2023\/09\/man-carrying-materials-extra-wide-view.jpg\" alt=\"Man carrying materials\" width=\"1170\" height=\"900\">\n        <\/div>\n      \n      <div class=\"content\">\n                  <h2>\n            TRABAJO DURO QUE VALE LA PENA          <\/h2>\n        \n                  <div class=\"description-wrap cf\">\n            <p>Si est\u00e1 buscando un simple trabajo, siga buscando. Trex no es para usted. Pero si desea ganar m\u00e1s que \u00fanicamente buen dinero y obtener grandes beneficios y est\u00e1 listo para convertir su arduo trabajo en una carrera gratificante, hablemos.<\/p>\n          <\/div>\n        \n                  <div class=\"link-wrap\">\n            <a href=\"https:\/\/recruiting.ultipro.com\/TRE1006TRCI\/JobBoard\/699366e7-23c6-46d9-ae0d-4f649323dabf\/?q=&#038;o=postedDateDesc&#038;w=&#038;wc=&#038;we=&#038;wpst=\" class=\"btn \"><span>ENCUENTRE SU ROL<\/span><\/a>          <\/div>\n              <\/div>\n    <\/div>\n  <\/div>\n<\/div>\n","protected":false},"excerpt":{"rendered":"","protected":false},"author":1,"featured_media":0,"parent":0,"menu_order":0,"comment_status":"closed","ping_status":"closed","template":"","meta":{"_acf_changed":false,"footnotes":""},"class_list":["post-1110","page","type-page","status-publish","hentry"],"acf":[],"yoast_head":"<!-- This site is optimized with the Yoast SEO plugin v27.1.1 - https:\/\/yoast.com\/product\/yoast-seo-wordpress\/ -->\n<title>El interior de Trex - Trex Careers<\/title>\n<meta name=\"description\" content=\"Los empleados de Trex convierten el trabajo duro en resultados reales. Est\u00e1n motivados. Trabajan para mejorar e innovar cada d\u00eda. Nunca se conforman con nada que no sea lo mejor\" \/>\n<meta name=\"robots\" content=\"index, follow, max-snippet:-1, max-image-preview:large, max-video-preview:-1\" \/>\n<link rel=\"canonical\" href=\"https:\/\/careers.trex.com\/es\/el-interior-de-trex\/\" \/>\n<meta property=\"og:locale\" content=\"es_ES\" \/>\n<meta property=\"og:type\" content=\"article\" \/>\n<meta property=\"og:title\" content=\"El interior de Trex - Trex Careers\" \/>\n<meta property=\"og:description\" content=\"Los empleados de Trex convierten el trabajo duro en resultados reales. Est\u00e1n motivados. Trabajan para mejorar e innovar cada d\u00eda. Nunca se conforman con nada que no sea lo mejor\" \/>\n<meta property=\"og:url\" content=\"https:\/\/careers.trex.com\/es\/el-interior-de-trex\/\" \/>\n<meta property=\"og:site_name\" content=\"Trex Careers\" \/>\n<meta property=\"article:modified_time\" content=\"2023-09-28T17:49:45+00:00\" \/>\n<meta property=\"og:image\" content=\"https:\/\/careers.trex.com\/wp-content\/uploads\/2020\/09\/operating-forklift-closeup-3.jpg\" \/>\n\t<meta property=\"og:image:width\" content=\"1600\" \/>\n\t<meta property=\"og:image:height\" content=\"900\" \/>\n\t<meta property=\"og:image:type\" content=\"image\/jpeg\" \/>\n<meta name=\"twitter:card\" content=\"summary_large_image\" \/>\n<script type=\"application\/ld+json\" class=\"yoast-schema-graph\">{\"@context\":\"https:\/\/schema.org\",\"@graph\":[{\"@type\":\"WebPage\",\"@id\":\"https:\/\/careers.trex.com\/es\/el-interior-de-trex\/\",\"url\":\"https:\/\/careers.trex.com\/es\/el-interior-de-trex\/\",\"name\":\"El interior de Trex - Trex Careers\",\"isPartOf\":{\"@id\":\"https:\/\/careers.trex.com\/#website\"},\"datePublished\":\"2021-02-02T19:36:13+00:00\",\"dateModified\":\"2023-09-28T17:49:45+00:00\",\"description\":\"Los empleados de Trex convierten el trabajo duro en resultados reales. Est\u00e1n motivados. Trabajan para mejorar e innovar cada d\u00eda. Nunca se conforman con nada que no sea lo mejor\",\"breadcrumb\":{\"@id\":\"https:\/\/careers.trex.com\/es\/el-interior-de-trex\/#breadcrumb\"},\"inLanguage\":\"es\",\"potentialAction\":[{\"@type\":\"ReadAction\",\"target\":[\"https:\/\/careers.trex.com\/es\/el-interior-de-trex\/\"]}]},{\"@type\":\"BreadcrumbList\",\"@id\":\"https:\/\/careers.trex.com\/es\/el-interior-de-trex\/#breadcrumb\",\"itemListElement\":[{\"@type\":\"ListItem\",\"position\":1,\"name\":\"\",\"item\":\"https:\/\/careers.trex.com\/es\/\"},{\"@type\":\"ListItem\",\"position\":2,\"name\":\"El interior de Trex\"}]},{\"@type\":\"WebSite\",\"@id\":\"https:\/\/careers.trex.com\/#website\",\"url\":\"https:\/\/careers.trex.com\/\",\"name\":\"Trex Careers\",\"description\":\"Trex Careers\",\"publisher\":{\"@id\":\"https:\/\/careers.trex.com\/#organization\"},\"potentialAction\":[{\"@type\":\"SearchAction\",\"target\":{\"@type\":\"EntryPoint\",\"urlTemplate\":\"https:\/\/careers.trex.com\/?s={search_term_string}\"},\"query-input\":{\"@type\":\"PropertyValueSpecification\",\"valueRequired\":true,\"valueName\":\"search_term_string\"}}],\"inLanguage\":\"es\"},{\"@type\":\"Organization\",\"@id\":\"https:\/\/careers.trex.com\/#organization\",\"name\":\"Trex Careers\",\"url\":\"https:\/\/careers.trex.com\/\",\"logo\":{\"@type\":\"ImageObject\",\"inLanguage\":\"es\",\"@id\":\"https:\/\/careers.trex.com\/#\/schema\/logo\/image\/\",\"url\":\"\/wp-content\/uploads\/2020\/11\/trex-logo.png\",\"contentUrl\":\"\/wp-content\/uploads\/2020\/11\/trex-logo.png\",\"width\":1600,\"height\":1200,\"caption\":\"Trex Careers\"},\"image\":{\"@id\":\"https:\/\/careers.trex.com\/#\/schema\/logo\/image\/\"}}]}<\/script>\n<!-- \/ Yoast SEO plugin. -->","yoast_head_json":{"title":"El interior de Trex - Trex Careers","description":"Los empleados de Trex convierten el trabajo duro en resultados reales. Est\u00e1n motivados. Trabajan para mejorar e innovar cada d\u00eda. Nunca se conforman con nada que no sea lo mejor","robots":{"index":"index","follow":"follow","max-snippet":"max-snippet:-1","max-image-preview":"max-image-preview:large","max-video-preview":"max-video-preview:-1"},"canonical":"https:\/\/careers.trex.com\/es\/el-interior-de-trex\/","og_locale":"es_ES","og_type":"article","og_title":"El interior de Trex - Trex Careers","og_description":"Los empleados de Trex convierten el trabajo duro en resultados reales. Est\u00e1n motivados. Trabajan para mejorar e innovar cada d\u00eda. Nunca se conforman con nada que no sea lo mejor","og_url":"https:\/\/careers.trex.com\/es\/el-interior-de-trex\/","og_site_name":"Trex Careers","article_modified_time":"2023-09-28T17:49:45+00:00","og_image":[{"width":1600,"height":900,"url":"https:\/\/careers.trex.com\/wp-content\/uploads\/2020\/09\/operating-forklift-closeup-3.jpg","type":"image\/jpeg"}],"twitter_card":"summary_large_image","schema":{"@context":"https:\/\/schema.org","@graph":[{"@type":"WebPage","@id":"https:\/\/careers.trex.com\/es\/el-interior-de-trex\/","url":"https:\/\/careers.trex.com\/es\/el-interior-de-trex\/","name":"El interior de Trex - Trex Careers","isPartOf":{"@id":"https:\/\/careers.trex.com\/#website"},"datePublished":"2021-02-02T19:36:13+00:00","dateModified":"2023-09-28T17:49:45+00:00","description":"Los empleados de Trex convierten el trabajo duro en resultados reales. Est\u00e1n motivados. Trabajan para mejorar e innovar cada d\u00eda. Nunca se conforman con nada que no sea lo mejor","breadcrumb":{"@id":"https:\/\/careers.trex.com\/es\/el-interior-de-trex\/#breadcrumb"},"inLanguage":"es","potentialAction":[{"@type":"ReadAction","target":["https:\/\/careers.trex.com\/es\/el-interior-de-trex\/"]}]},{"@type":"BreadcrumbList","@id":"https:\/\/careers.trex.com\/es\/el-interior-de-trex\/#breadcrumb","itemListElement":[{"@type":"ListItem","position":1,"name":"","item":"https:\/\/careers.trex.com\/es\/"},{"@type":"ListItem","position":2,"name":"El interior de Trex"}]},{"@type":"WebSite","@id":"https:\/\/careers.trex.com\/#website","url":"https:\/\/careers.trex.com\/","name":"Trex Careers","description":"Trex Careers","publisher":{"@id":"https:\/\/careers.trex.com\/#organization"},"potentialAction":[{"@type":"SearchAction","target":{"@type":"EntryPoint","urlTemplate":"https:\/\/careers.trex.com\/?s={search_term_string}"},"query-input":{"@type":"PropertyValueSpecification","valueRequired":true,"valueName":"search_term_string"}}],"inLanguage":"es"},{"@type":"Organization","@id":"https:\/\/careers.trex.com\/#organization","name":"Trex Careers","url":"https:\/\/careers.trex.com\/","logo":{"@type":"ImageObject","inLanguage":"es","@id":"https:\/\/careers.trex.com\/#\/schema\/logo\/image\/","url":"\/wp-content\/uploads\/2020\/11\/trex-logo.png","contentUrl":"\/wp-content\/uploads\/2020\/11\/trex-logo.png","width":1600,"height":1200,"caption":"Trex Careers"},"image":{"@id":"https:\/\/careers.trex.com\/#\/schema\/logo\/image\/"}}]}},"_links":{"self":[{"href":"https:\/\/careers.trex.com\/es\/wp-json\/wp\/v2\/pages\/1110","targetHints":{"allow":["GET"]}}],"collection":[{"href":"https:\/\/careers.trex.com\/es\/wp-json\/wp\/v2\/pages"}],"about":[{"href":"https:\/\/careers.trex.com\/es\/wp-json\/wp\/v2\/types\/page"}],"author":[{"embeddable":true,"href":"https:\/\/careers.trex.com\/es\/wp-json\/wp\/v2\/users\/1"}],"replies":[{"embeddable":true,"href":"https:\/\/careers.trex.com\/es\/wp-json\/wp\/v2\/comments?post=1110"}],"version-history":[{"count":9,"href":"https:\/\/careers.trex.com\/es\/wp-json\/wp\/v2\/pages\/1110\/revisions"}],"predecessor-version":[{"id":1818,"href":"https:\/\/careers.trex.com\/es\/wp-json\/wp\/v2\/pages\/1110\/revisions\/1818"}],"wp:attachment":[{"href":"https:\/\/careers.trex.com\/es\/wp-json\/wp\/v2\/media?parent=1110"}],"curies":[{"name":"wp","href":"https:\/\/api.w.org\/{rel}","templated":true}]}}