{"id":1108,"date":"2021-02-02T19:38:58","date_gmt":"2021-02-02T19:38:58","guid":{"rendered":"https:\/\/careers.trex.com\/?page_id=1108"},"modified":"2023-09-28T17:31:44","modified_gmt":"2023-09-28T17:31:44","slug":"trex-careers","status":"publish","type":"page","link":"https:\/\/careers.trex.com\/es\/","title":{"rendered":"Inicio"},"content":{"rendered":"<p><!--[CDATA[\n<\/p--><\/p>\n\n<div class=\"block split-feature align feature media60 media-right\">\n  <div class=\"block-wrap\">\n    <div class=\"split-feature-inner\">\n              <div class=\"img-wrap\">\n          <img loading=\"lazy\" decoding=\"async\" src=\"https:\/\/careers.trex.com\/wp-content\/uploads\/2023\/09\/operating-forklift-closeup-2-1.jpg\" alt=\"forklift operator smiling\" width=\"1600\" height=\"900\">\n        <\/div>\n      \n      <div class=\"content\">\n                  <h2>\n            P\u00d3NGASE MANOS A LA OBRA          <\/h2>\n        \n                  <div class=\"description-wrap cf\">\n            <p>Construir la marca de terrazas n.\u00ba\u00a01 del mundo requiere valor y determinaci\u00f3n. Los empleados de Trex hacen lo que sea necesario para realizar un buen trabajo. \u00bfCree que est\u00e1 a la altura del desaf\u00edo?<\/p>\n          <\/div>\n        \n                  <div class=\"link-wrap\">\n            <a href=\"https:\/\/recruiting.ultipro.com\/TRE1006TRCI\/JobBoard\/699366e7-23c6-46d9-ae0d-4f649323dabf\/?q=&#038;o=postedDateDesc&#038;w=&#038;wc=&#038;we=&#038;wpst=\" class=\"btn \" target=\"_blank\"><span>\u00a1MANOS A LA OBRA!<\/span><\/a>          <\/div>\n              <\/div>\n    <\/div>\n  <\/div>\n<\/div>\n\n\n  <div class=\"block multiple-callout align default col-4 default-images\">\n    <div class=\"block-wrap\">\n      \n              <div class=\"description-wrap cf\">\n          <h2>BENEFICIOS EN LOS QUE PUEDE CREER<\/h2>\n        <\/div>\n      \n              <div class=\"callout-inner\">\n                                  <div class=\"callout  has-img\">\n\n                              <div class=\"img-wrap selected-icon\">\n                                      <img decoding=\"async\" src=\"\/wp-content\/themes\/trex-careers\/img\/icon-target.svg\" alt=\"Bullseye\">\n                                  <\/div>\n              \n                            <div class=\"content\">\n                                  <h3>\n                    Bonificaciones basadas en objetivos                  <\/h3>\n                \n                \n                              <\/div>\n              \n                          <\/div>\n                                  <div class=\"callout  has-img\">\n\n                              <div class=\"img-wrap selected-icon\">\n                                      <img decoding=\"async\" src=\"\/wp-content\/themes\/trex-careers\/img\/icon-medical.svg\" alt=\"Medical Instrument\">\n                                  <\/div>\n              \n                            <div class=\"content\">\n                                  <h3>\n                    Generoso seguro m\u00e9dico, dental y de la vista                  <\/h3>\n                \n                \n                              <\/div>\n              \n                          <\/div>\n                                  <div class=\"callout  has-img\">\n\n                              <div class=\"img-wrap selected-icon\">\n                                      <img decoding=\"async\" src=\"\/wp-content\/themes\/trex-careers\/img\/icon-pig.svg\" alt=\"Piggy Bank\">\n                                  <\/div>\n              \n                            <div class=\"content\">\n                                  <h3>\n                    Importante contribuci\u00f3n al plan 401k                   <\/h3>\n                \n                \n                              <\/div>\n              \n                          <\/div>\n                                  <div class=\"callout  has-img\">\n\n                              <div class=\"img-wrap selected-icon\">\n                                      <img decoding=\"async\" src=\"\/wp-content\/themes\/trex-careers\/img\/icon-tags.svg\" alt=\"Tags\">\n                                  <\/div>\n              \n                            <div class=\"content\">\n                                  <h3>\n                    Extenso programa de descuentos para empleados                  <\/h3>\n                \n                \n                              <\/div>\n              \n                          <\/div>\n                  <\/div>\n                    <div class=\"link-wrap\">\n          <a href=\"https:\/\/careers.trex.com\/es\/beneficios\" class=\"btn btn-standard\"><span>VEA TODOS LOS BENEFICIOS<\/span><\/a>        <\/div>\n          <\/div>\n  <\/div>\n\n\n  <div class=\"block multiple-callout align text-links col-3 default-images\">\n    <div class=\"block-wrap\">\n      <div class=\"text-links-content\">\n        <div class=\"text-links-content-wrapper\">\n          \n                      <div class=\"description-wrap cf\">\n              <h2>SEDES<\/h2>\n<p>Buscamos cubrir una amplia gama de roles en cada una de las sedes en las que tenemos presencia, ya sea que busque un empleo en manufactura en Fernley, Nevada, o una carrera en ingenier\u00eda en Winchester, Virginia.<\/p>\n            <\/div>\n          \n                      <div class=\"link-wrap\">\n              <a href=\"https:\/\/recruiting.ultipro.com\/TRE1006TRCI\/JobBoard\/699366e7-23c6-46d9-ae0d-4f649323dabf\/?q=&#038;o=postedDateDesc&#038;w=&#038;wc=&#038;we=&#038;wpst=\" class=\"btn btn-standard\" target=\"_blank\"><span>VER CARGOS POR SEDE<\/span><\/a>            <\/div>\n                  <\/div>\n      <\/div>\n\n      <div class=\"text-links-callouts\">\n                  <div class=\"callout-inner\">\n                                        <div class=\"callout  has-img\">\n                                  <div class=\"link-wrap\">\n                    <a href=\"https:\/\/careers.trex.com\/es\/fernley-vacantes-disponibles\/\" class=\"btn \" target=\"_blank\"><div class=\"btn-text-wrapper\"><span>Fernley, NV<\/span><\/div><\/a>                  <\/div>\n                              <\/div>\n                                        <div class=\"callout  has-img\">\n                                  <div class=\"link-wrap\">\n                    <a href=\"https:\/\/careers.trex.com\/es\/winchester-vacantes-disponibles\/\" class=\"btn \" target=\"_blank\"><div class=\"btn-text-wrapper\"><span>Winchester, VA<\/span><\/div><\/a>                  <\/div>\n                              <\/div>\n                                        <div class=\"callout  has-img\">\n                                  <div class=\"link-wrap\">\n                    <a href=\"https:\/\/careers.trex.com\/es\/sedes-en-campo-vacantes-disponibles\/\" class=\"btn \" target=\"_blank\"><div class=\"btn-text-wrapper\"><span>Sedes en campo<\/span><\/div><\/a>                  <\/div>\n                              <\/div>\n                      <\/div>\n              <\/div>\n    <\/div>\n  <\/div>\n\n\n  <div class=\"block multiple-callout align text-blocks col-3 default-images\">\n    <div class=\"block-wrap\">\n      \n      \n              <div class=\"callout-inner\">\n                                  <div class=\"callout  has-img\">\n\n                                                <div class=\"img-wrap\">\n                    <img decoding=\"async\" src=\"\" alt=\"\" width=\"\" height=\"\">\n                  <\/div>\n                \n                              \n                            <div class=\"content\">\n                                  <h3>\n                    27<span>A\u00d1OS<\/span>                  <\/h3>\n                \n                \n                                  <div class=\"description-wrap cf\">\n                    <p>redefiniendo la industria de terrazas y la vida al aire libre.<\/p>\n                  <\/div>\n                              <\/div>\n              \n                          <\/div>\n                                  <div class=\"callout  has-img\">\n\n                                                <div class=\"img-wrap\">\n                    <img decoding=\"async\" src=\"\" alt=\"\" width=\"\" height=\"\">\n                  <\/div>\n                \n                              \n                            <div class=\"content\">\n                                  <h3>\n                    M\u00c1S DE 1,300<span>PERSONAS<\/span>                  <\/h3>\n                \n                \n                                  <div class=\"description-wrap cf\">\n                    <p>que trabajan juntas todos los d\u00edas por un objetivo com\u00fan.<\/p>\n                  <\/div>\n                              <\/div>\n              \n                          <\/div>\n                                  <div class=\"callout  has-img\">\n\n                                                <div class=\"img-wrap\">\n                    <img decoding=\"async\" src=\"\" alt=\"\" width=\"\" height=\"\">\n                  <\/div>\n                \n                              \n                            <div class=\"content\">\n                                  <h3>\n                    UNA<span>EMPRESA<\/span>                  <\/h3>\n                \n                \n                                  <div class=\"description-wrap cf\">\n                    <p>impulsada a innovar y superar cualquier obst\u00e1culo.<\/p>\n                  <\/div>\n                              <\/div>\n              \n                          <\/div>\n                  <\/div>\n                <\/div>\n  <\/div>\n\n\n<div class=\"block split-feature align default media50 media-left\">\n  <div class=\"block-wrap\">\n    <div class=\"split-feature-inner\">\n              <div class=\"img-wrap\">\n          <img loading=\"lazy\" decoding=\"async\" src=\"https:\/\/careers.trex.com\/wp-content\/uploads\/2020\/10\/annie-everett-crop.jpg\" alt=\"Annie Everett\" width=\"1600\" height=\"900\">\n        <\/div>\n      \n      <div class=\"content\">\n                  <h2>\n            <em>ANNIE EVERETT<\/em> buscaba un cambio y un desaf\u00edo.          <\/h2>\n        \n                  <div class=\"description-wrap cf\">\n            <p>Despu\u00e9s de desarrollar sus habilidades t\u00e9cnicas en nuestro centro de experiencia del cliente de Trex, trabaj\u00f3 de la mano con su gerente para iniciar un nuevo camino. Hoy, como especialista en temas de conocimiento y desempe\u00f1o, ayuda a los miembros de su equipo a desarrollar su confianza y alcanzar su potencial. Lo que m\u00e1s le gusta de su labor es ayudar a las personas a mejorar en sus trabajos. \u00a1Gracias, Annie! Nuestro negocio ha mejorado mucho gracias a ti.<\/p>\n          <\/div>\n        \n              <\/div>\n    <\/div>\n  <\/div>\n<\/div>\n\n\n<div class=\"block split-feature align full-width media50 media-left\">\n  <div class=\"block-wrap\">\n    <div class=\"split-feature-inner\">\n              <div class=\"img-wrap\">\n          <img loading=\"lazy\" decoding=\"async\" src=\"https:\/\/careers.trex.com\/wp-content\/uploads\/2023\/09\/driving-company-vehicle-1.jpeg\" alt=\"truck driver smiling\" width=\"1024\" height=\"788\">\n        <\/div>\n      \n      <div class=\"content\">\n                  <h2>\n            REDEFINIENDO LA VIDA AL AIRE LIBRE DESDE EL INTERIOR DE LA EMPRESA          <\/h2>\n        \n                  <div class=\"description-wrap cf\">\n            <p>Nuestras terrazas son s\u00f3lidas y no se decoloran\/desti\u00f1en. Igual que nosotros. Eche un vistazo entre bastidores y descubra lo que distingue a Trex y a nuestros empleados.<\/p>\n          <\/div>\n        \n                  <div class=\"link-wrap\">\n            <a href=\"https:\/\/careers.trex.com\/es\/el-interior-de-trex\" class=\"btn \"><span>CONOZCA EL INTERIOR DE TREX<\/span><\/a>          <\/div>\n              <\/div>\n    <\/div>\n  <\/div>\n<\/div>\n","protected":false},"excerpt":{"rendered":"","protected":false},"author":1,"featured_media":0,"parent":0,"menu_order":0,"comment_status":"closed","ping_status":"closed","template":"","meta":{"_acf_changed":false,"footnotes":""},"class_list":["post-1108","page","type-page","status-publish","hentry"],"acf":[],"yoast_head":"<!-- This site is optimized with the Yoast SEO plugin v27.1.1 - https:\/\/yoast.com\/product\/yoast-seo-wordpress\/ -->\n<title>Inicio - Trex Careers<\/title>\n<meta name=\"description\" content=\"Construir la marca de terrazas n.\u00ba\u00a01 del mundo requiere valor y determinaci\u00f3n. Los empleados de Trex hacen lo que sea necesario para realizar un buen trabajo. \u00bfCree que est\u00e1 a la altura del desaf\u00edo?\" \/>\n<meta name=\"robots\" content=\"index, follow, max-snippet:-1, max-image-preview:large, max-video-preview:-1\" \/>\n<link rel=\"canonical\" href=\"https:\/\/careers.trex.com\/es\/\" \/>\n<meta property=\"og:locale\" content=\"es_ES\" \/>\n<meta property=\"og:type\" content=\"article\" \/>\n<meta property=\"og:title\" content=\"Inicio - Trex Careers\" \/>\n<meta property=\"og:description\" content=\"Construir la marca de terrazas n.\u00ba\u00a01 del mundo requiere valor y determinaci\u00f3n. Los empleados de Trex hacen lo que sea necesario para realizar un buen trabajo. \u00bfCree que est\u00e1 a la altura del desaf\u00edo?\" \/>\n<meta property=\"og:url\" content=\"https:\/\/careers.trex.com\/es\/\" \/>\n<meta property=\"og:site_name\" content=\"Trex Careers\" \/>\n<meta property=\"article:modified_time\" content=\"2023-09-28T17:31:44+00:00\" \/>\n<meta property=\"og:image\" content=\"https:\/\/careers.trex.com\/wp-content\/uploads\/2020\/09\/operating-forklift-closeup-3.jpg\" \/>\n\t<meta property=\"og:image:width\" content=\"1600\" \/>\n\t<meta property=\"og:image:height\" content=\"900\" \/>\n\t<meta property=\"og:image:type\" content=\"image\/jpeg\" \/>\n<meta name=\"twitter:card\" content=\"summary_large_image\" \/>\n<script type=\"application\/ld+json\" class=\"yoast-schema-graph\">{\"@context\":\"https:\/\/schema.org\",\"@graph\":[{\"@type\":\"WebPage\",\"@id\":\"https:\/\/careers.trex.com\/es\/\",\"url\":\"https:\/\/careers.trex.com\/es\/\",\"name\":\"Inicio - Trex Careers\",\"isPartOf\":{\"@id\":\"https:\/\/careers.trex.com\/#website\"},\"datePublished\":\"2021-02-02T19:38:58+00:00\",\"dateModified\":\"2023-09-28T17:31:44+00:00\",\"description\":\"Construir la marca de terrazas n.\u00ba\u00a01 del mundo requiere valor y determinaci\u00f3n. Los empleados de Trex hacen lo que sea necesario para realizar un buen trabajo. \u00bfCree que est\u00e1 a la altura del desaf\u00edo?\",\"breadcrumb\":{\"@id\":\"https:\/\/careers.trex.com\/es\/#breadcrumb\"},\"inLanguage\":\"es\",\"potentialAction\":[{\"@type\":\"ReadAction\",\"target\":[\"https:\/\/careers.trex.com\/es\/\"]}]},{\"@type\":\"BreadcrumbList\",\"@id\":\"https:\/\/careers.trex.com\/es\/#breadcrumb\",\"itemListElement\":[{\"@type\":\"ListItem\",\"position\":1,\"name\":\"\",\"item\":\"https:\/\/careers.trex.com\/es\/\"},{\"@type\":\"ListItem\",\"position\":2,\"name\":\"Inicio\"}]},{\"@type\":\"WebSite\",\"@id\":\"https:\/\/careers.trex.com\/#website\",\"url\":\"https:\/\/careers.trex.com\/\",\"name\":\"Trex Careers\",\"description\":\"Trex Careers\",\"publisher\":{\"@id\":\"https:\/\/careers.trex.com\/#organization\"},\"potentialAction\":[{\"@type\":\"SearchAction\",\"target\":{\"@type\":\"EntryPoint\",\"urlTemplate\":\"https:\/\/careers.trex.com\/?s={search_term_string}\"},\"query-input\":{\"@type\":\"PropertyValueSpecification\",\"valueRequired\":true,\"valueName\":\"search_term_string\"}}],\"inLanguage\":\"es\"},{\"@type\":\"Organization\",\"@id\":\"https:\/\/careers.trex.com\/#organization\",\"name\":\"Trex Careers\",\"url\":\"https:\/\/careers.trex.com\/\",\"logo\":{\"@type\":\"ImageObject\",\"inLanguage\":\"es\",\"@id\":\"https:\/\/careers.trex.com\/#\/schema\/logo\/image\/\",\"url\":\"\/wp-content\/uploads\/2020\/11\/trex-logo.png\",\"contentUrl\":\"\/wp-content\/uploads\/2020\/11\/trex-logo.png\",\"width\":1600,\"height\":1200,\"caption\":\"Trex Careers\"},\"image\":{\"@id\":\"https:\/\/careers.trex.com\/#\/schema\/logo\/image\/\"}}]}<\/script>\n<!-- \/ Yoast SEO plugin. -->","yoast_head_json":{"title":"Inicio - Trex Careers","description":"Construir la marca de terrazas n.\u00ba\u00a01 del mundo requiere valor y determinaci\u00f3n. Los empleados de Trex hacen lo que sea necesario para realizar un buen trabajo. \u00bfCree que est\u00e1 a la altura del desaf\u00edo?","robots":{"index":"index","follow":"follow","max-snippet":"max-snippet:-1","max-image-preview":"max-image-preview:large","max-video-preview":"max-video-preview:-1"},"canonical":"https:\/\/careers.trex.com\/es\/","og_locale":"es_ES","og_type":"article","og_title":"Inicio - Trex Careers","og_description":"Construir la marca de terrazas n.\u00ba\u00a01 del mundo requiere valor y determinaci\u00f3n. Los empleados de Trex hacen lo que sea necesario para realizar un buen trabajo. \u00bfCree que est\u00e1 a la altura del desaf\u00edo?","og_url":"https:\/\/careers.trex.com\/es\/","og_site_name":"Trex Careers","article_modified_time":"2023-09-28T17:31:44+00:00","og_image":[{"width":1600,"height":900,"url":"https:\/\/careers.trex.com\/wp-content\/uploads\/2020\/09\/operating-forklift-closeup-3.jpg","type":"image\/jpeg"}],"twitter_card":"summary_large_image","schema":{"@context":"https:\/\/schema.org","@graph":[{"@type":"WebPage","@id":"https:\/\/careers.trex.com\/es\/","url":"https:\/\/careers.trex.com\/es\/","name":"Inicio - Trex Careers","isPartOf":{"@id":"https:\/\/careers.trex.com\/#website"},"datePublished":"2021-02-02T19:38:58+00:00","dateModified":"2023-09-28T17:31:44+00:00","description":"Construir la marca de terrazas n.\u00ba\u00a01 del mundo requiere valor y determinaci\u00f3n. Los empleados de Trex hacen lo que sea necesario para realizar un buen trabajo. \u00bfCree que est\u00e1 a la altura del desaf\u00edo?","breadcrumb":{"@id":"https:\/\/careers.trex.com\/es\/#breadcrumb"},"inLanguage":"es","potentialAction":[{"@type":"ReadAction","target":["https:\/\/careers.trex.com\/es\/"]}]},{"@type":"BreadcrumbList","@id":"https:\/\/careers.trex.com\/es\/#breadcrumb","itemListElement":[{"@type":"ListItem","position":1,"name":"","item":"https:\/\/careers.trex.com\/es\/"},{"@type":"ListItem","position":2,"name":"Inicio"}]},{"@type":"WebSite","@id":"https:\/\/careers.trex.com\/#website","url":"https:\/\/careers.trex.com\/","name":"Trex Careers","description":"Trex Careers","publisher":{"@id":"https:\/\/careers.trex.com\/#organization"},"potentialAction":[{"@type":"SearchAction","target":{"@type":"EntryPoint","urlTemplate":"https:\/\/careers.trex.com\/?s={search_term_string}"},"query-input":{"@type":"PropertyValueSpecification","valueRequired":true,"valueName":"search_term_string"}}],"inLanguage":"es"},{"@type":"Organization","@id":"https:\/\/careers.trex.com\/#organization","name":"Trex Careers","url":"https:\/\/careers.trex.com\/","logo":{"@type":"ImageObject","inLanguage":"es","@id":"https:\/\/careers.trex.com\/#\/schema\/logo\/image\/","url":"\/wp-content\/uploads\/2020\/11\/trex-logo.png","contentUrl":"\/wp-content\/uploads\/2020\/11\/trex-logo.png","width":1600,"height":1200,"caption":"Trex Careers"},"image":{"@id":"https:\/\/careers.trex.com\/#\/schema\/logo\/image\/"}}]}},"_links":{"self":[{"href":"https:\/\/careers.trex.com\/es\/wp-json\/wp\/v2\/pages\/1108","targetHints":{"allow":["GET"]}}],"collection":[{"href":"https:\/\/careers.trex.com\/es\/wp-json\/wp\/v2\/pages"}],"about":[{"href":"https:\/\/careers.trex.com\/es\/wp-json\/wp\/v2\/types\/page"}],"author":[{"embeddable":true,"href":"https:\/\/careers.trex.com\/es\/wp-json\/wp\/v2\/users\/1"}],"replies":[{"embeddable":true,"href":"https:\/\/careers.trex.com\/es\/wp-json\/wp\/v2\/comments?post=1108"}],"version-history":[{"count":10,"href":"https:\/\/careers.trex.com\/es\/wp-json\/wp\/v2\/pages\/1108\/revisions"}],"predecessor-version":[{"id":1780,"href":"https:\/\/careers.trex.com\/es\/wp-json\/wp\/v2\/pages\/1108\/revisions\/1780"}],"wp:attachment":[{"href":"https:\/\/careers.trex.com\/es\/wp-json\/wp\/v2\/media?parent=1108"}],"curies":[{"name":"wp","href":"https:\/\/api.w.org\/{rel}","templated":true}]}}