{"id":1106,"date":"2021-04-20T18:53:12","date_gmt":"2021-04-20T18:53:12","guid":{"rendered":"https:\/\/careers.trex.com\/?page_id=1106"},"modified":"2023-09-28T17:35:52","modified_gmt":"2023-09-28T17:35:52","slug":"sedes-en-campo-vacantes-disponibles","status":"publish","type":"page","link":"https:\/\/careers.trex.com\/es\/sedes-en-campo-vacantes-disponibles\/","title":{"rendered":"Sedes en campo: Vacantes disponibles"},"content":{"rendered":"<p><!--[CDATA[\n<\/p--><\/p>\n\n<div class=\"block rtf align default align-default position-right\">\r\n  <div class=\"block-wrap\">\r\n    <div class=\"rtf-content cf\">\r\n      <p>Trex cuenta con un equipo din\u00e1mico y en crecimiento de profesionales de ventas estrat\u00e9gicamente ubicados en el mundo, que conectan a los clientes con nuestros productos en m\u00e1s de 6,700\u00a0establecimientos minoristas en todo el mundo. No importa d\u00f3nde trabaje para Trex, usted hace parte de la familia.<\/p>\n    <\/div>\r\n      <\/div>\r\n<\/div>\r\n\n\n<div class=\"block split-feature align full-width media50 media-left\">\n  <div class=\"block-wrap\">\n    <div class=\"split-feature-inner\">\n              <div class=\"img-wrap\">\n          <img loading=\"lazy\" decoding=\"async\" src=\"https:\/\/careers.trex.com\/wp-content\/uploads\/2023\/09\/man-working-on-laptop-in-office.jpg\" alt=\"man working on laptop in office\" width=\"1170\" height=\"900\">\n        <\/div>\n      \n      <div class=\"content\">\n                  <h2>\n            Explore los trabajos de ubicaci\u00f3n de campo de Trex          <\/h2>\n        \n                  <div class=\"description-wrap cf\">\n            <p>\u00bfListo para hacer que tu carrera se mueva? Explore nuestro mapa interactivo de oportunidades profesionales para encontrar el puesto adecuado para usted.<\/p>\n          <\/div>\n        \n                  <div class=\"link-wrap\">\n            <a href=\"https:\/\/recruiting.ultipro.com\/TRE1006TRCI\/JobBoard\/699366e7-23c6-46d9-ae0d-4f649323dabf\/?q=&#038;o=postedDateDesc&#038;w=&#038;wc=&#038;we=&#038;wpst=\" class=\"btn \" target=\"_blank\"><span>ENCUENTRA TU PAPEL<\/span><\/a>          <\/div>\n              <\/div>\n    <\/div>\n  <\/div>\n<\/div>\n","protected":false},"excerpt":{"rendered":"","protected":false},"author":1,"featured_media":0,"parent":0,"menu_order":0,"comment_status":"closed","ping_status":"closed","template":"","meta":{"_acf_changed":false,"footnotes":""},"class_list":["post-1106","page","type-page","status-publish","hentry"],"acf":[],"yoast_head":"<!-- This site is optimized with the Yoast SEO plugin v27.1.1 - https:\/\/yoast.com\/product\/yoast-seo-wordpress\/ -->\n<title>Sedes en campo: Vacantes disponibles - Trex Careers<\/title>\n<meta name=\"description\" content=\"Trex cuenta con un equipo din\u00e1mico y en crecimiento de profesionales de ventas estrat\u00e9gicamente ubicados en el mundo, que conectan a los clientes con nuestros productos en m\u00e1s de 6,700 establecimientos minoristas en todo el mundo.\" \/>\n<meta name=\"robots\" content=\"index, follow, max-snippet:-1, max-image-preview:large, max-video-preview:-1\" \/>\n<link rel=\"canonical\" href=\"https:\/\/careers.trex.com\/es\/sedes-en-campo-vacantes-disponibles\/\" \/>\n<meta property=\"og:locale\" content=\"es_ES\" \/>\n<meta property=\"og:type\" content=\"article\" \/>\n<meta property=\"og:title\" content=\"Sedes en campo: Vacantes disponibles - Trex Careers\" \/>\n<meta property=\"og:description\" content=\"Trex cuenta con un equipo din\u00e1mico y en crecimiento de profesionales de ventas estrat\u00e9gicamente ubicados en el mundo, que conectan a los clientes con nuestros productos en m\u00e1s de 6,700 establecimientos minoristas en todo el mundo.\" \/>\n<meta property=\"og:url\" content=\"https:\/\/careers.trex.com\/es\/sedes-en-campo-vacantes-disponibles\/\" \/>\n<meta property=\"og:site_name\" content=\"Trex Careers\" \/>\n<meta property=\"article:modified_time\" content=\"2023-09-28T17:35:52+00:00\" \/>\n<meta property=\"og:image\" content=\"https:\/\/careers.trex.com\/wp-content\/uploads\/2020\/09\/operating-forklift-closeup-3.jpg\" \/>\n\t<meta property=\"og:image:width\" content=\"1600\" \/>\n\t<meta property=\"og:image:height\" content=\"900\" \/>\n\t<meta property=\"og:image:type\" content=\"image\/jpeg\" \/>\n<meta name=\"twitter:card\" content=\"summary_large_image\" \/>\n<script type=\"application\/ld+json\" class=\"yoast-schema-graph\">{\"@context\":\"https:\/\/schema.org\",\"@graph\":[{\"@type\":\"WebPage\",\"@id\":\"https:\/\/careers.trex.com\/es\/sedes-en-campo-vacantes-disponibles\/\",\"url\":\"https:\/\/careers.trex.com\/es\/sedes-en-campo-vacantes-disponibles\/\",\"name\":\"Sedes en campo: Vacantes disponibles - Trex Careers\",\"isPartOf\":{\"@id\":\"https:\/\/careers.trex.com\/#website\"},\"datePublished\":\"2021-04-20T18:53:12+00:00\",\"dateModified\":\"2023-09-28T17:35:52+00:00\",\"description\":\"Trex cuenta con un equipo din\u00e1mico y en crecimiento de profesionales de ventas estrat\u00e9gicamente ubicados en el mundo, que conectan a los clientes con nuestros productos en m\u00e1s de 6,700 establecimientos minoristas en todo el mundo.\",\"breadcrumb\":{\"@id\":\"https:\/\/careers.trex.com\/es\/sedes-en-campo-vacantes-disponibles\/#breadcrumb\"},\"inLanguage\":\"es\",\"potentialAction\":[{\"@type\":\"ReadAction\",\"target\":[\"https:\/\/careers.trex.com\/es\/sedes-en-campo-vacantes-disponibles\/\"]}]},{\"@type\":\"BreadcrumbList\",\"@id\":\"https:\/\/careers.trex.com\/es\/sedes-en-campo-vacantes-disponibles\/#breadcrumb\",\"itemListElement\":[{\"@type\":\"ListItem\",\"position\":1,\"name\":\"\",\"item\":\"https:\/\/careers.trex.com\/es\/\"},{\"@type\":\"ListItem\",\"position\":2,\"name\":\"Sedes en campo: Vacantes disponibles\"}]},{\"@type\":\"WebSite\",\"@id\":\"https:\/\/careers.trex.com\/#website\",\"url\":\"https:\/\/careers.trex.com\/\",\"name\":\"Trex Careers\",\"description\":\"Trex Careers\",\"publisher\":{\"@id\":\"https:\/\/careers.trex.com\/#organization\"},\"potentialAction\":[{\"@type\":\"SearchAction\",\"target\":{\"@type\":\"EntryPoint\",\"urlTemplate\":\"https:\/\/careers.trex.com\/?s={search_term_string}\"},\"query-input\":{\"@type\":\"PropertyValueSpecification\",\"valueRequired\":true,\"valueName\":\"search_term_string\"}}],\"inLanguage\":\"es\"},{\"@type\":\"Organization\",\"@id\":\"https:\/\/careers.trex.com\/#organization\",\"name\":\"Trex Careers\",\"url\":\"https:\/\/careers.trex.com\/\",\"logo\":{\"@type\":\"ImageObject\",\"inLanguage\":\"es\",\"@id\":\"https:\/\/careers.trex.com\/#\/schema\/logo\/image\/\",\"url\":\"\/wp-content\/uploads\/2020\/11\/trex-logo.png\",\"contentUrl\":\"\/wp-content\/uploads\/2020\/11\/trex-logo.png\",\"width\":1600,\"height\":1200,\"caption\":\"Trex Careers\"},\"image\":{\"@id\":\"https:\/\/careers.trex.com\/#\/schema\/logo\/image\/\"}}]}<\/script>\n<!-- \/ Yoast SEO plugin. -->","yoast_head_json":{"title":"Sedes en campo: Vacantes disponibles - Trex Careers","description":"Trex cuenta con un equipo din\u00e1mico y en crecimiento de profesionales de ventas estrat\u00e9gicamente ubicados en el mundo, que conectan a los clientes con nuestros productos en m\u00e1s de 6,700 establecimientos minoristas en todo el mundo.","robots":{"index":"index","follow":"follow","max-snippet":"max-snippet:-1","max-image-preview":"max-image-preview:large","max-video-preview":"max-video-preview:-1"},"canonical":"https:\/\/careers.trex.com\/es\/sedes-en-campo-vacantes-disponibles\/","og_locale":"es_ES","og_type":"article","og_title":"Sedes en campo: Vacantes disponibles - Trex Careers","og_description":"Trex cuenta con un equipo din\u00e1mico y en crecimiento de profesionales de ventas estrat\u00e9gicamente ubicados en el mundo, que conectan a los clientes con nuestros productos en m\u00e1s de 6,700 establecimientos minoristas en todo el mundo.","og_url":"https:\/\/careers.trex.com\/es\/sedes-en-campo-vacantes-disponibles\/","og_site_name":"Trex Careers","article_modified_time":"2023-09-28T17:35:52+00:00","og_image":[{"width":1600,"height":900,"url":"https:\/\/careers.trex.com\/wp-content\/uploads\/2020\/09\/operating-forklift-closeup-3.jpg","type":"image\/jpeg"}],"twitter_card":"summary_large_image","schema":{"@context":"https:\/\/schema.org","@graph":[{"@type":"WebPage","@id":"https:\/\/careers.trex.com\/es\/sedes-en-campo-vacantes-disponibles\/","url":"https:\/\/careers.trex.com\/es\/sedes-en-campo-vacantes-disponibles\/","name":"Sedes en campo: Vacantes disponibles - Trex Careers","isPartOf":{"@id":"https:\/\/careers.trex.com\/#website"},"datePublished":"2021-04-20T18:53:12+00:00","dateModified":"2023-09-28T17:35:52+00:00","description":"Trex cuenta con un equipo din\u00e1mico y en crecimiento de profesionales de ventas estrat\u00e9gicamente ubicados en el mundo, que conectan a los clientes con nuestros productos en m\u00e1s de 6,700 establecimientos minoristas en todo el mundo.","breadcrumb":{"@id":"https:\/\/careers.trex.com\/es\/sedes-en-campo-vacantes-disponibles\/#breadcrumb"},"inLanguage":"es","potentialAction":[{"@type":"ReadAction","target":["https:\/\/careers.trex.com\/es\/sedes-en-campo-vacantes-disponibles\/"]}]},{"@type":"BreadcrumbList","@id":"https:\/\/careers.trex.com\/es\/sedes-en-campo-vacantes-disponibles\/#breadcrumb","itemListElement":[{"@type":"ListItem","position":1,"name":"","item":"https:\/\/careers.trex.com\/es\/"},{"@type":"ListItem","position":2,"name":"Sedes en campo: Vacantes disponibles"}]},{"@type":"WebSite","@id":"https:\/\/careers.trex.com\/#website","url":"https:\/\/careers.trex.com\/","name":"Trex Careers","description":"Trex Careers","publisher":{"@id":"https:\/\/careers.trex.com\/#organization"},"potentialAction":[{"@type":"SearchAction","target":{"@type":"EntryPoint","urlTemplate":"https:\/\/careers.trex.com\/?s={search_term_string}"},"query-input":{"@type":"PropertyValueSpecification","valueRequired":true,"valueName":"search_term_string"}}],"inLanguage":"es"},{"@type":"Organization","@id":"https:\/\/careers.trex.com\/#organization","name":"Trex Careers","url":"https:\/\/careers.trex.com\/","logo":{"@type":"ImageObject","inLanguage":"es","@id":"https:\/\/careers.trex.com\/#\/schema\/logo\/image\/","url":"\/wp-content\/uploads\/2020\/11\/trex-logo.png","contentUrl":"\/wp-content\/uploads\/2020\/11\/trex-logo.png","width":1600,"height":1200,"caption":"Trex Careers"},"image":{"@id":"https:\/\/careers.trex.com\/#\/schema\/logo\/image\/"}}]}},"_links":{"self":[{"href":"https:\/\/careers.trex.com\/es\/wp-json\/wp\/v2\/pages\/1106","targetHints":{"allow":["GET"]}}],"collection":[{"href":"https:\/\/careers.trex.com\/es\/wp-json\/wp\/v2\/pages"}],"about":[{"href":"https:\/\/careers.trex.com\/es\/wp-json\/wp\/v2\/types\/page"}],"author":[{"embeddable":true,"href":"https:\/\/careers.trex.com\/es\/wp-json\/wp\/v2\/users\/1"}],"replies":[{"embeddable":true,"href":"https:\/\/careers.trex.com\/es\/wp-json\/wp\/v2\/comments?post=1106"}],"version-history":[{"count":8,"href":"https:\/\/careers.trex.com\/es\/wp-json\/wp\/v2\/pages\/1106\/revisions"}],"predecessor-version":[{"id":1785,"href":"https:\/\/careers.trex.com\/es\/wp-json\/wp\/v2\/pages\/1106\/revisions\/1785"}],"wp:attachment":[{"href":"https:\/\/careers.trex.com\/es\/wp-json\/wp\/v2\/media?parent=1106"}],"curies":[{"name":"wp","href":"https:\/\/api.w.org\/{rel}","templated":true}]}}