{"id":1104,"date":"2021-04-20T18:46:06","date_gmt":"2021-04-20T18:46:06","guid":{"rendered":"https:\/\/careers.trex.com\/?page_id=1104"},"modified":"2023-09-28T17:34:00","modified_gmt":"2023-09-28T17:34:00","slug":"fernley-vacantes-disponibles","status":"publish","type":"page","link":"https:\/\/careers.trex.com\/es\/fernley-vacantes-disponibles\/","title":{"rendered":"Fernley: Vacantes disponibles"},"content":{"rendered":"<p><!--[CDATA[\n<\/p--><\/p>\n\n<div class=\"block rtf align default align-default position-right\">\r\n  <div class=\"block-wrap\">\r\n    <div class=\"rtf-content cf\">\r\n      <p>Nuestra sede en Fernley, Nevada, est\u00e1 destinada principalmente al almacenamiento, distribuci\u00f3n y fabricaci\u00f3n. Con un cat\u00e1logo de productos que incluye terrazas, barandas, muebles y cercas, nuestro equipo de Fernley opera en un entorno acelerado, prestando atenci\u00f3n a los detalles y con la actitud de hacer las cosas bien.<\/p>\n    <\/div>\r\n      <\/div>\r\n<\/div>\r\n\n\n<div class=\"block split-feature align default media50 media-right\">\n  <div class=\"block-wrap\">\n    <div class=\"split-feature-inner\">\n              <div class=\"img-wrap\">\n          <div class=\"additional-image-slider\">\n                                                      <img decoding=\"async\" src=\"https:\/\/careers.trex.com\/wp-content\/uploads\/2023\/09\/Fern1-min-1.jpg\" alt=\"\">\n                                                      <img decoding=\"async\" src=\"https:\/\/careers.trex.com\/wp-content\/uploads\/2023\/09\/Fern2-min.jpg\" alt=\"Nevada city\">\n                                                      <img decoding=\"async\" src=\"https:\/\/careers.trex.com\/wp-content\/uploads\/2023\/09\/Fern3-min.jpg\" alt=\"Fisherman in a river at sunset\">\n                      <\/div>\n        <\/div>\n      \n      <div class=\"content\">\n                  <h2>\n            La vida en <em>Fernley, Nevada<\/em>          <\/h2>\n        \n                  <div class=\"description-wrap cf\">\n            <p>Ubicada a solo 30 minutos a las afueras de Reno, Nevada, Fernley es una ciudad peque\u00f1a y amigable, rodeada de hermosas cadenas monta\u00f1osas y llena de historia. Fernley cuenta con aproximadamente 20,000\u00a0habitantes, quienes enriquecen la ciudad con diversidad cultural. Hay mucho para disfrutar, incluido el Fernley Speedway, el principal complejo de deportes a motor en Nevada. Experimente innumerables actividades al aire libre, incluidas caminatas, ciclismo de monta\u00f1a, escalada en roca, caminatas a campo traviesa, navegaci\u00f3n en bote y pesca.<\/p>\n          <\/div>\n        \n              <\/div>\n    <\/div>\n  <\/div>\n<\/div>\n\n\n<div class=\"block split-feature align full-width-border media50 media-left\">\n  <div class=\"block-wrap\">\n    <div class=\"split-feature-inner\">\n              <div class=\"img-wrap\">\n          <img loading=\"lazy\" decoding=\"async\" src=\"https:\/\/careers.trex.com\/wp-content\/uploads\/2023\/09\/trex-careers-fernley-2.jpg\" alt=\"female worker wearing safety goggles\" width=\"1116\" height=\"858\">\n        <\/div>\n      \n      <div class=\"content\">\n                  <h2>\n            Explore Trex Jobs en Fernley          <\/h2>\n        \n                  <div class=\"description-wrap cf\">\n            <p>\u00bfEst\u00e1 listo para hacer que su carrera se mueva en Fernley, Nevada? Explore nuestro mapa interactivo de oportunidades profesionales para encontrar el puesto adecuado para usted.<\/p>\n          <\/div>\n        \n                  <div class=\"link-wrap\">\n            <a href=\"https:\/\/recruiting.ultipro.com\/TRE1006TRCI\/JobBoard\/699366e7-23c6-46d9-ae0d-4f649323dabf\/?q=&#038;o=postedDateDesc&#038;w=&#038;wc=&#038;we=&#038;wpst=\" class=\"btn \" target=\"_blank\"><span>ENCUENTRA TU PAPEL<\/span><\/a>          <\/div>\n              <\/div>\n    <\/div>\n  <\/div>\n<\/div>\n","protected":false},"excerpt":{"rendered":"","protected":false},"author":1,"featured_media":0,"parent":0,"menu_order":0,"comment_status":"closed","ping_status":"closed","template":"","meta":{"_acf_changed":false,"footnotes":""},"class_list":["post-1104","page","type-page","status-publish","hentry"],"acf":[],"yoast_head":"<!-- This site is optimized with the Yoast SEO plugin v27.1.1 - https:\/\/yoast.com\/product\/yoast-seo-wordpress\/ -->\n<title>Fernley: Vacantes disponibles - Trex Careers<\/title>\n<meta name=\"description\" content=\"Nuestra sede en Fernley, Nevada, est\u00e1 destinada principalmente al almacenamiento, distribuci\u00f3n y fabricaci\u00f3n.\" \/>\n<meta name=\"robots\" content=\"index, follow, max-snippet:-1, max-image-preview:large, max-video-preview:-1\" \/>\n<link rel=\"canonical\" href=\"https:\/\/careers.trex.com\/fernley-open-positions\/\" \/>\n<meta property=\"og:locale\" content=\"es_ES\" \/>\n<meta property=\"og:type\" content=\"article\" \/>\n<meta property=\"og:title\" content=\"Fernley: Vacantes disponibles - Trex Careers\" \/>\n<meta property=\"og:description\" content=\"Nuestra sede en Fernley, Nevada, est\u00e1 destinada principalmente al almacenamiento, distribuci\u00f3n y fabricaci\u00f3n.\" \/>\n<meta property=\"og:url\" content=\"https:\/\/careers.trex.com\/fernley-open-positions\/\" \/>\n<meta property=\"og:site_name\" content=\"Trex Careers\" \/>\n<meta property=\"article:modified_time\" content=\"2023-09-28T17:34:00+00:00\" \/>\n<meta property=\"og:image\" content=\"https:\/\/careers.trex.com\/wp-content\/uploads\/2020\/09\/operating-forklift-closeup-3.jpg\" \/>\n\t<meta property=\"og:image:width\" content=\"1600\" \/>\n\t<meta property=\"og:image:height\" content=\"900\" \/>\n\t<meta property=\"og:image:type\" content=\"image\/jpeg\" \/>\n<meta name=\"twitter:card\" content=\"summary_large_image\" \/>\n<script type=\"application\/ld+json\" class=\"yoast-schema-graph\">{\"@context\":\"https:\/\/schema.org\",\"@graph\":[{\"@type\":\"WebPage\",\"@id\":\"https:\/\/careers.trex.com\/fernley-open-positions\/\",\"url\":\"https:\/\/careers.trex.com\/fernley-open-positions\/\",\"name\":\"Fernley: Vacantes disponibles - Trex Careers\",\"isPartOf\":{\"@id\":\"https:\/\/careers.trex.com\/#website\"},\"datePublished\":\"2021-04-20T18:46:06+00:00\",\"dateModified\":\"2023-09-28T17:34:00+00:00\",\"description\":\"Nuestra sede en Fernley, Nevada, est\u00e1 destinada principalmente al almacenamiento, distribuci\u00f3n y fabricaci\u00f3n.\",\"breadcrumb\":{\"@id\":\"https:\/\/careers.trex.com\/fernley-open-positions\/#breadcrumb\"},\"inLanguage\":\"es\",\"potentialAction\":[{\"@type\":\"ReadAction\",\"target\":[\"https:\/\/careers.trex.com\/fernley-open-positions\/\"]}]},{\"@type\":\"BreadcrumbList\",\"@id\":\"https:\/\/careers.trex.com\/fernley-open-positions\/#breadcrumb\",\"itemListElement\":[{\"@type\":\"ListItem\",\"position\":1,\"name\":\"\",\"item\":\"https:\/\/careers.trex.com\/es\/\"},{\"@type\":\"ListItem\",\"position\":2,\"name\":\"Fernley: Vacantes disponibles\"}]},{\"@type\":\"WebSite\",\"@id\":\"https:\/\/careers.trex.com\/#website\",\"url\":\"https:\/\/careers.trex.com\/\",\"name\":\"Trex Careers\",\"description\":\"Trex Careers\",\"publisher\":{\"@id\":\"https:\/\/careers.trex.com\/#organization\"},\"potentialAction\":[{\"@type\":\"SearchAction\",\"target\":{\"@type\":\"EntryPoint\",\"urlTemplate\":\"https:\/\/careers.trex.com\/?s={search_term_string}\"},\"query-input\":{\"@type\":\"PropertyValueSpecification\",\"valueRequired\":true,\"valueName\":\"search_term_string\"}}],\"inLanguage\":\"es\"},{\"@type\":\"Organization\",\"@id\":\"https:\/\/careers.trex.com\/#organization\",\"name\":\"Trex Careers\",\"url\":\"https:\/\/careers.trex.com\/\",\"logo\":{\"@type\":\"ImageObject\",\"inLanguage\":\"es\",\"@id\":\"https:\/\/careers.trex.com\/#\/schema\/logo\/image\/\",\"url\":\"\/wp-content\/uploads\/2020\/11\/trex-logo.png\",\"contentUrl\":\"\/wp-content\/uploads\/2020\/11\/trex-logo.png\",\"width\":1600,\"height\":1200,\"caption\":\"Trex Careers\"},\"image\":{\"@id\":\"https:\/\/careers.trex.com\/#\/schema\/logo\/image\/\"}}]}<\/script>\n<!-- \/ Yoast SEO plugin. -->","yoast_head_json":{"title":"Fernley: Vacantes disponibles - Trex Careers","description":"Nuestra sede en Fernley, Nevada, est\u00e1 destinada principalmente al almacenamiento, distribuci\u00f3n y fabricaci\u00f3n.","robots":{"index":"index","follow":"follow","max-snippet":"max-snippet:-1","max-image-preview":"max-image-preview:large","max-video-preview":"max-video-preview:-1"},"canonical":"https:\/\/careers.trex.com\/fernley-open-positions\/","og_locale":"es_ES","og_type":"article","og_title":"Fernley: Vacantes disponibles - Trex Careers","og_description":"Nuestra sede en Fernley, Nevada, est\u00e1 destinada principalmente al almacenamiento, distribuci\u00f3n y fabricaci\u00f3n.","og_url":"https:\/\/careers.trex.com\/fernley-open-positions\/","og_site_name":"Trex Careers","article_modified_time":"2023-09-28T17:34:00+00:00","og_image":[{"width":1600,"height":900,"url":"https:\/\/careers.trex.com\/wp-content\/uploads\/2020\/09\/operating-forklift-closeup-3.jpg","type":"image\/jpeg"}],"twitter_card":"summary_large_image","schema":{"@context":"https:\/\/schema.org","@graph":[{"@type":"WebPage","@id":"https:\/\/careers.trex.com\/fernley-open-positions\/","url":"https:\/\/careers.trex.com\/fernley-open-positions\/","name":"Fernley: Vacantes disponibles - Trex Careers","isPartOf":{"@id":"https:\/\/careers.trex.com\/#website"},"datePublished":"2021-04-20T18:46:06+00:00","dateModified":"2023-09-28T17:34:00+00:00","description":"Nuestra sede en Fernley, Nevada, est\u00e1 destinada principalmente al almacenamiento, distribuci\u00f3n y fabricaci\u00f3n.","breadcrumb":{"@id":"https:\/\/careers.trex.com\/fernley-open-positions\/#breadcrumb"},"inLanguage":"es","potentialAction":[{"@type":"ReadAction","target":["https:\/\/careers.trex.com\/fernley-open-positions\/"]}]},{"@type":"BreadcrumbList","@id":"https:\/\/careers.trex.com\/fernley-open-positions\/#breadcrumb","itemListElement":[{"@type":"ListItem","position":1,"name":"","item":"https:\/\/careers.trex.com\/es\/"},{"@type":"ListItem","position":2,"name":"Fernley: Vacantes disponibles"}]},{"@type":"WebSite","@id":"https:\/\/careers.trex.com\/#website","url":"https:\/\/careers.trex.com\/","name":"Trex Careers","description":"Trex Careers","publisher":{"@id":"https:\/\/careers.trex.com\/#organization"},"potentialAction":[{"@type":"SearchAction","target":{"@type":"EntryPoint","urlTemplate":"https:\/\/careers.trex.com\/?s={search_term_string}"},"query-input":{"@type":"PropertyValueSpecification","valueRequired":true,"valueName":"search_term_string"}}],"inLanguage":"es"},{"@type":"Organization","@id":"https:\/\/careers.trex.com\/#organization","name":"Trex Careers","url":"https:\/\/careers.trex.com\/","logo":{"@type":"ImageObject","inLanguage":"es","@id":"https:\/\/careers.trex.com\/#\/schema\/logo\/image\/","url":"\/wp-content\/uploads\/2020\/11\/trex-logo.png","contentUrl":"\/wp-content\/uploads\/2020\/11\/trex-logo.png","width":1600,"height":1200,"caption":"Trex Careers"},"image":{"@id":"https:\/\/careers.trex.com\/#\/schema\/logo\/image\/"}}]}},"_links":{"self":[{"href":"https:\/\/careers.trex.com\/es\/wp-json\/wp\/v2\/pages\/1104","targetHints":{"allow":["GET"]}}],"collection":[{"href":"https:\/\/careers.trex.com\/es\/wp-json\/wp\/v2\/pages"}],"about":[{"href":"https:\/\/careers.trex.com\/es\/wp-json\/wp\/v2\/types\/page"}],"author":[{"embeddable":true,"href":"https:\/\/careers.trex.com\/es\/wp-json\/wp\/v2\/users\/1"}],"replies":[{"embeddable":true,"href":"https:\/\/careers.trex.com\/es\/wp-json\/wp\/v2\/comments?post=1104"}],"version-history":[{"count":10,"href":"https:\/\/careers.trex.com\/es\/wp-json\/wp\/v2\/pages\/1104\/revisions"}],"predecessor-version":[{"id":1782,"href":"https:\/\/careers.trex.com\/es\/wp-json\/wp\/v2\/pages\/1104\/revisions\/1782"}],"wp:attachment":[{"href":"https:\/\/careers.trex.com\/es\/wp-json\/wp\/v2\/media?parent=1104"}],"curies":[{"name":"wp","href":"https:\/\/api.w.org\/{rel}","templated":true}]}}