{"id":1099,"date":"2021-02-02T19:27:01","date_gmt":"2021-02-02T19:27:01","guid":{"rendered":"https:\/\/careers.trex.com\/?page_id=1099"},"modified":"2023-09-28T17:37:42","modified_gmt":"2023-09-28T17:37:42","slug":"beneficios","status":"publish","type":"page","link":"https:\/\/careers.trex.com\/es\/beneficios\/","title":{"rendered":"Beneficios"},"content":{"rendered":"<p><!--[CDATA[\n<\/p--><\/p>\n\n<div class=\"block rtf align default align-default position-right\">\r\n  <div class=\"block-wrap\">\r\n    <div class=\"rtf-content cf\">\r\n      <h2>REALICE UN GRAN TRABAJO. OBTENGA GRANDES VENTAJAS.<\/h2>\n<p>Trex recompensa el trabajo arduo y el hacer las cosas bien con grandes beneficios y salarios. Y eso es solo el comienzo. Cuidamos de nuestro equipo porque sabemos que se necesita de grandes personas para tener un gran producto. Es por eso que contratamos a los mejores. Algunas de las ventajas adicionales al salario son:<\/p>\n    <\/div>\r\n      <\/div>\r\n<\/div>\r\n\n\n  <div class=\"block multiple-callout align default col-3 default-images\">\n    <div class=\"block-wrap\">\n      \n      \n              <div class=\"callout-inner\">\n                                  <div class=\"callout  has-img\">\n\n                              <div class=\"img-wrap selected-icon\">\n                                      <img decoding=\"async\" src=\"\/wp-content\/themes\/trex-careers\/img\/icon-vacation.svg\" alt=\"Vacation\">\n                                  <\/div>\n              \n                            <div class=\"content\">\n                                  <h3>\n                    Vacaciones                  <\/h3>\n                \n                \n                                  <div class=\"description-wrap cf\">\n                    <p>Despreoc\u00fapese y rel\u00e1jese con vacaciones y d\u00edas festivos pagados.<\/p>\n                  <\/div>\n                              <\/div>\n              \n                          <\/div>\n                                  <div class=\"callout  has-img\">\n\n                              <div class=\"img-wrap selected-icon\">\n                                      <img decoding=\"async\" src=\"\/wp-content\/themes\/trex-careers\/img\/icon-target.svg\" alt=\"Bullseye\">\n                                  <\/div>\n              \n                            <div class=\"content\">\n                                  <h3>\n                    Bonificaciones                  <\/h3>\n                \n                \n                                  <div class=\"description-wrap cf\">\n                    <p dir=\"auto\">Sabemos que le gustan los desaf\u00edos, as\u00ed que alcance sus objetivos y reciba una recompensa.<\/p>\n                  <\/div>\n                              <\/div>\n              \n                          <\/div>\n                                  <div class=\"callout  has-img\">\n\n                              <div class=\"img-wrap selected-icon\">\n                                      <img decoding=\"async\" src=\"\/wp-content\/themes\/trex-careers\/img\/icon-medical.svg\" alt=\"Medical Instrument\">\n                                  <\/div>\n              \n                            <div class=\"content\">\n                                  <h3>\n                    Seguro m\u00e9dico, dental y de la vista                  <\/h3>\n                \n                \n                                  <div class=\"description-wrap cf\">\n                    <p dir=\"auto\">Elija entre una variedad de opciones, y nosotros contribuiremos con una considerable parte del costo.<\/p>\n                  <\/div>\n                              <\/div>\n              \n                          <\/div>\n                                  <div class=\"callout  has-img\">\n\n                              <div class=\"img-wrap selected-icon\">\n                                      <img decoding=\"async\" src=\"\/wp-content\/themes\/trex-careers\/img\/icon-pig.svg\" alt=\"Piggy Bank\">\n                                  <\/div>\n              \n                            <div class=\"content\">\n                                  <h3>\n                    Ahorros de jubilaci\u00f3n                  <\/h3>\n                \n                \n                                  <div class=\"description-wrap cf\">\n                    <p dir=\"auto\">Qu\u00e9dese con nosotros por mucho tiempo. Trex ofrece un plan de jubilaci\u00f3n 401k, incluida una contribuci\u00f3n por el mismo monto.<\/p>\n                  <\/div>\n                              <\/div>\n              \n                          <\/div>\n                                  <div class=\"callout  has-img\">\n\n                              <div class=\"img-wrap selected-icon\">\n                                      <img decoding=\"async\" src=\"\/wp-content\/themes\/trex-careers\/img\/icon-tuition.svg\" alt=\"Tuition\">\n                                  <\/div>\n              \n                            <div class=\"content\">\n                                  <h3>\n                    Reembolso de matricula                  <\/h3>\n                \n                \n                                  <div class=\"description-wrap cf\">\n                    <p>Cuando est\u00e9 listo para pasar al siguiente nivel, lo ayudaremos a obtener su t\u00edtulo de manera asequible.<\/p>\n                  <\/div>\n                              <\/div>\n              \n                          <\/div>\n                                  <div class=\"callout  has-img\">\n\n                              <div class=\"img-wrap selected-icon\">\n                                      <img decoding=\"async\" src=\"\/wp-content\/themes\/trex-careers\/img\/icon-ribbon.svg\" alt=\"Award\">\n                                  <\/div>\n              \n                            <div class=\"content\">\n                                  <h3>\n                    Entrenamiento y educaci\u00f3n                  <\/h3>\n                \n                \n                                  <div class=\"description-wrap cf\">\n                    <p>Avance al siguiente nivel. Desarrolle sus habilidades y mejore su desempe\u00f1o con docenas de opciones de entrenamiento.<\/p>\n                  <\/div>\n                              <\/div>\n              \n                          <\/div>\n                                  <div class=\"callout  has-img\">\n\n                              <div class=\"img-wrap selected-icon\">\n                                      <img decoding=\"async\" src=\"\/wp-content\/themes\/trex-careers\/img\/icon-chart.svg\" alt=\"Chart\">\n                                  <\/div>\n              \n                            <div class=\"content\">\n                                  <h3>\n                    Programa de compra de acciones                  <\/h3>\n                \n                \n                                  <div class=\"description-wrap cf\">\n                    <p>Nuestras victorias tambi\u00e9n son las suyas. Invierta en Trex a un precio con descuento.<\/p>\n                  <\/div>\n                              <\/div>\n              \n                          <\/div>\n                                  <div class=\"callout  has-img\">\n\n                              <div class=\"img-wrap selected-icon\">\n                                      <img decoding=\"async\" src=\"\/wp-content\/themes\/trex-careers\/img\/icon-tags.svg\" alt=\"Tags\">\n                                  <\/div>\n              \n                            <div class=\"content\">\n                                  <h3>\n                    Programa de descuentos para empleados                  <\/h3>\n                \n                \n                                  <div class=\"description-wrap cf\">\n                    <p>Presuma su arduo trabajo en los comercios locales gracias a nuestro extenso programa de descuentos para empleados.<\/p>\n                  <\/div>\n                              <\/div>\n              \n                          <\/div>\n                                  <div class=\"callout  has-img\">\n\n                              <div class=\"img-wrap selected-icon\">\n                                      <img decoding=\"async\" src=\"\/wp-content\/themes\/trex-careers\/img\/icon-advancement.svg\" alt=\"Advancement\">\n                                  <\/div>\n              \n                            <div class=\"content\">\n                                  <h3>\n                    Oportunidades de ascender                  <\/h3>\n                \n                \n                                  <div class=\"description-wrap cf\">\n                    <p>Si est\u00e1 motivado en ascender y sobresalir, podemos hacerlo realidad.<\/p>\n                  <\/div>\n                              <\/div>\n              \n                          <\/div>\n                  <\/div>\n                <\/div>\n  <\/div>\n\n\n<div class=\"block split-feature align full-width-border media50 media-left\">\n  <div class=\"block-wrap\">\n    <div class=\"split-feature-inner\">\n              <div class=\"img-wrap\">\n          <img loading=\"lazy\" decoding=\"async\" src=\"https:\/\/careers.trex.com\/wp-content\/uploads\/2023\/09\/man-working-on-laptop-in-office.jpg\" alt=\"man working on laptop in office\" width=\"1170\" height=\"900\">\n        <\/div>\n      \n      <div class=\"content\">\n                  <h2>\n            Redefiniendo la vida al aire libre desde el interior de la empresa          <\/h2>\n        \n                  <div class=\"description-wrap cf\">\n            <p>Nuestras terrazas son s\u00f3lidas y no se decoloran\/desti\u00f1en. Igual que nosotros. Eche un vistazo entre bastidores y descubra lo que distingue a Trex y a nuestros empleados.<\/p>\n          <\/div>\n        \n                  <div class=\"link-wrap\">\n            <a href=\"https:\/\/recruiting.ultipro.com\/TRE1006TRCI\/JobBoard\/699366e7-23c6-46d9-ae0d-4f649323dabf\/?q=&#038;o=postedDateDesc&#038;w=&#038;wc=&#038;we=&#038;wpst=\" class=\"btn \" target=\"_blank\"><span>VER LAS VACANTES DISPONIBLES<\/span><\/a>          <\/div>\n              <\/div>\n    <\/div>\n  <\/div>\n<\/div>\n","protected":false},"excerpt":{"rendered":"","protected":false},"author":1,"featured_media":0,"parent":0,"menu_order":0,"comment_status":"closed","ping_status":"closed","template":"","meta":{"_acf_changed":false,"footnotes":""},"class_list":["post-1099","page","type-page","status-publish","hentry"],"acf":[],"yoast_head":"<!-- This site is optimized with the Yoast SEO plugin v27.1.1 - https:\/\/yoast.com\/product\/yoast-seo-wordpress\/ -->\n<title>Beneficios - Trex Careers<\/title>\n<meta name=\"description\" content=\"Trex recompensa el trabajo arduo y el hacer las cosas bien con grandes beneficios y salarios. Y eso es solo el comienzo. Cuidamos de nuestro equipo porque sabemos que se necesita de grandes personas para tener un gran producto. Es por eso que contratamos a los mejores.\" \/>\n<meta name=\"robots\" content=\"index, follow, max-snippet:-1, max-image-preview:large, max-video-preview:-1\" \/>\n<link rel=\"canonical\" href=\"https:\/\/careers.trex.com\/es\/beneficios\/\" \/>\n<meta property=\"og:locale\" content=\"es_ES\" \/>\n<meta property=\"og:type\" content=\"article\" \/>\n<meta property=\"og:title\" content=\"Beneficios - Trex Careers\" \/>\n<meta property=\"og:description\" content=\"Trex recompensa el trabajo arduo y el hacer las cosas bien con grandes beneficios y salarios. Y eso es solo el comienzo. Cuidamos de nuestro equipo porque sabemos que se necesita de grandes personas para tener un gran producto. Es por eso que contratamos a los mejores.\" \/>\n<meta property=\"og:url\" content=\"https:\/\/careers.trex.com\/es\/beneficios\/\" \/>\n<meta property=\"og:site_name\" content=\"Trex Careers\" \/>\n<meta property=\"article:modified_time\" content=\"2023-09-28T17:37:42+00:00\" \/>\n<meta property=\"og:image\" content=\"https:\/\/careers.trex.com\/wp-content\/uploads\/2020\/09\/operating-forklift-closeup-3.jpg\" \/>\n\t<meta property=\"og:image:width\" content=\"1600\" \/>\n\t<meta property=\"og:image:height\" content=\"900\" \/>\n\t<meta property=\"og:image:type\" content=\"image\/jpeg\" \/>\n<meta name=\"twitter:card\" content=\"summary_large_image\" \/>\n<script type=\"application\/ld+json\" class=\"yoast-schema-graph\">{\"@context\":\"https:\/\/schema.org\",\"@graph\":[{\"@type\":\"WebPage\",\"@id\":\"https:\/\/careers.trex.com\/es\/beneficios\/\",\"url\":\"https:\/\/careers.trex.com\/es\/beneficios\/\",\"name\":\"Beneficios - Trex Careers\",\"isPartOf\":{\"@id\":\"https:\/\/careers.trex.com\/#website\"},\"datePublished\":\"2021-02-02T19:27:01+00:00\",\"dateModified\":\"2023-09-28T17:37:42+00:00\",\"description\":\"Trex recompensa el trabajo arduo y el hacer las cosas bien con grandes beneficios y salarios. Y eso es solo el comienzo. Cuidamos de nuestro equipo porque sabemos que se necesita de grandes personas para tener un gran producto. Es por eso que contratamos a los mejores.\",\"breadcrumb\":{\"@id\":\"https:\/\/careers.trex.com\/es\/beneficios\/#breadcrumb\"},\"inLanguage\":\"es\",\"potentialAction\":[{\"@type\":\"ReadAction\",\"target\":[\"https:\/\/careers.trex.com\/es\/beneficios\/\"]}]},{\"@type\":\"BreadcrumbList\",\"@id\":\"https:\/\/careers.trex.com\/es\/beneficios\/#breadcrumb\",\"itemListElement\":[{\"@type\":\"ListItem\",\"position\":1,\"name\":\"\",\"item\":\"https:\/\/careers.trex.com\/es\/\"},{\"@type\":\"ListItem\",\"position\":2,\"name\":\"Beneficios\"}]},{\"@type\":\"WebSite\",\"@id\":\"https:\/\/careers.trex.com\/#website\",\"url\":\"https:\/\/careers.trex.com\/\",\"name\":\"Trex Careers\",\"description\":\"Trex Careers\",\"publisher\":{\"@id\":\"https:\/\/careers.trex.com\/#organization\"},\"potentialAction\":[{\"@type\":\"SearchAction\",\"target\":{\"@type\":\"EntryPoint\",\"urlTemplate\":\"https:\/\/careers.trex.com\/?s={search_term_string}\"},\"query-input\":{\"@type\":\"PropertyValueSpecification\",\"valueRequired\":true,\"valueName\":\"search_term_string\"}}],\"inLanguage\":\"es\"},{\"@type\":\"Organization\",\"@id\":\"https:\/\/careers.trex.com\/#organization\",\"name\":\"Trex Careers\",\"url\":\"https:\/\/careers.trex.com\/\",\"logo\":{\"@type\":\"ImageObject\",\"inLanguage\":\"es\",\"@id\":\"https:\/\/careers.trex.com\/#\/schema\/logo\/image\/\",\"url\":\"\/wp-content\/uploads\/2020\/11\/trex-logo.png\",\"contentUrl\":\"\/wp-content\/uploads\/2020\/11\/trex-logo.png\",\"width\":1600,\"height\":1200,\"caption\":\"Trex Careers\"},\"image\":{\"@id\":\"https:\/\/careers.trex.com\/#\/schema\/logo\/image\/\"}}]}<\/script>\n<!-- \/ Yoast SEO plugin. -->","yoast_head_json":{"title":"Beneficios - Trex Careers","description":"Trex recompensa el trabajo arduo y el hacer las cosas bien con grandes beneficios y salarios. Y eso es solo el comienzo. Cuidamos de nuestro equipo porque sabemos que se necesita de grandes personas para tener un gran producto. Es por eso que contratamos a los mejores.","robots":{"index":"index","follow":"follow","max-snippet":"max-snippet:-1","max-image-preview":"max-image-preview:large","max-video-preview":"max-video-preview:-1"},"canonical":"https:\/\/careers.trex.com\/es\/beneficios\/","og_locale":"es_ES","og_type":"article","og_title":"Beneficios - Trex Careers","og_description":"Trex recompensa el trabajo arduo y el hacer las cosas bien con grandes beneficios y salarios. Y eso es solo el comienzo. Cuidamos de nuestro equipo porque sabemos que se necesita de grandes personas para tener un gran producto. Es por eso que contratamos a los mejores.","og_url":"https:\/\/careers.trex.com\/es\/beneficios\/","og_site_name":"Trex Careers","article_modified_time":"2023-09-28T17:37:42+00:00","og_image":[{"width":1600,"height":900,"url":"https:\/\/careers.trex.com\/wp-content\/uploads\/2020\/09\/operating-forklift-closeup-3.jpg","type":"image\/jpeg"}],"twitter_card":"summary_large_image","schema":{"@context":"https:\/\/schema.org","@graph":[{"@type":"WebPage","@id":"https:\/\/careers.trex.com\/es\/beneficios\/","url":"https:\/\/careers.trex.com\/es\/beneficios\/","name":"Beneficios - Trex Careers","isPartOf":{"@id":"https:\/\/careers.trex.com\/#website"},"datePublished":"2021-02-02T19:27:01+00:00","dateModified":"2023-09-28T17:37:42+00:00","description":"Trex recompensa el trabajo arduo y el hacer las cosas bien con grandes beneficios y salarios. Y eso es solo el comienzo. Cuidamos de nuestro equipo porque sabemos que se necesita de grandes personas para tener un gran producto. Es por eso que contratamos a los mejores.","breadcrumb":{"@id":"https:\/\/careers.trex.com\/es\/beneficios\/#breadcrumb"},"inLanguage":"es","potentialAction":[{"@type":"ReadAction","target":["https:\/\/careers.trex.com\/es\/beneficios\/"]}]},{"@type":"BreadcrumbList","@id":"https:\/\/careers.trex.com\/es\/beneficios\/#breadcrumb","itemListElement":[{"@type":"ListItem","position":1,"name":"","item":"https:\/\/careers.trex.com\/es\/"},{"@type":"ListItem","position":2,"name":"Beneficios"}]},{"@type":"WebSite","@id":"https:\/\/careers.trex.com\/#website","url":"https:\/\/careers.trex.com\/","name":"Trex Careers","description":"Trex Careers","publisher":{"@id":"https:\/\/careers.trex.com\/#organization"},"potentialAction":[{"@type":"SearchAction","target":{"@type":"EntryPoint","urlTemplate":"https:\/\/careers.trex.com\/?s={search_term_string}"},"query-input":{"@type":"PropertyValueSpecification","valueRequired":true,"valueName":"search_term_string"}}],"inLanguage":"es"},{"@type":"Organization","@id":"https:\/\/careers.trex.com\/#organization","name":"Trex Careers","url":"https:\/\/careers.trex.com\/","logo":{"@type":"ImageObject","inLanguage":"es","@id":"https:\/\/careers.trex.com\/#\/schema\/logo\/image\/","url":"\/wp-content\/uploads\/2020\/11\/trex-logo.png","contentUrl":"\/wp-content\/uploads\/2020\/11\/trex-logo.png","width":1600,"height":1200,"caption":"Trex Careers"},"image":{"@id":"https:\/\/careers.trex.com\/#\/schema\/logo\/image\/"}}]}},"_links":{"self":[{"href":"https:\/\/careers.trex.com\/es\/wp-json\/wp\/v2\/pages\/1099","targetHints":{"allow":["GET"]}}],"collection":[{"href":"https:\/\/careers.trex.com\/es\/wp-json\/wp\/v2\/pages"}],"about":[{"href":"https:\/\/careers.trex.com\/es\/wp-json\/wp\/v2\/types\/page"}],"author":[{"embeddable":true,"href":"https:\/\/careers.trex.com\/es\/wp-json\/wp\/v2\/users\/1"}],"replies":[{"embeddable":true,"href":"https:\/\/careers.trex.com\/es\/wp-json\/wp\/v2\/comments?post=1099"}],"version-history":[{"count":10,"href":"https:\/\/careers.trex.com\/es\/wp-json\/wp\/v2\/pages\/1099\/revisions"}],"predecessor-version":[{"id":1787,"href":"https:\/\/careers.trex.com\/es\/wp-json\/wp\/v2\/pages\/1099\/revisions\/1787"}],"wp:attachment":[{"href":"https:\/\/careers.trex.com\/es\/wp-json\/wp\/v2\/media?parent=1099"}],"curies":[{"name":"wp","href":"https:\/\/api.w.org\/{rel}","templated":true}]}}